{"id":35044,"date":"2020-10-07T10:07:12","date_gmt":"2020-10-07T08:07:12","guid":{"rendered":"https:\/\/palolivo.com\/allgemeine-verkaufsbedingungen\/"},"modified":"2025-04-08T22:57:49","modified_gmt":"2025-04-08T20:57:49","slug":"allgemeine-verkaufsbedingungen","status":"publish","type":"page","link":"https:\/\/palolivo.com\/de\/allgemeine-verkaufsbedingungen\/","title":{"rendered":"Allgemeine Verkaufsbedingungen"},"content":{"rendered":"<p>[et_pb_section fb_built=&#8220;1&#8243; _builder_version=&#8220;4.27.2&#8243; _module_preset=&#8220;default&#8220; background_color=&#8220;#EAEBE6&#8243; global_colors_info=&#8220;{}&#8220;][et_pb_row column_structure=&#8220;2_3,1_3&#8243; _builder_version=&#8220;4.25.1&#8243; _module_preset=&#8220;default&#8220; global_colors_info=&#8220;{}&#8220;][et_pb_column type=&#8220;2_3&#8243; _builder_version=&#8220;4.16&#8243; _module_preset=&#8220;default&#8220; global_colors_info=&#8220;{}&#8220;][et_pb_text _builder_version=&#8220;4.27.3&#8243; _module_preset=&#8220;default&#8220; text_text_color=&#8220;#1d1d1f&#8220; text_line_height=&#8220;1.4em&#8220; header_font=&#8220;|700|||||||&#8220; header_font_size=&#8220;40px&#8220; header_line_height=&#8220;1.2em&#8220; header_3_font=&#8220;|700|||||||&#8220; hover_enabled=&#8220;0&#8243; global_colors_info=&#8220;{}&#8220; sticky_enabled=&#8220;0&#8243;]<\/p>\n<h1><b>Allgemeine Verkaufsbedingungen und R\u00fcckgaberecht<\/b><\/h1>\n<p>Die Firma <b>Pal&#8217;Alcarria SL<\/b> (nachfolgend <b>DER VERK\u00c4UFER<\/b>) ist im spanischen Handelsregister unter der Nummer N.I.F B01883537 eingetragen. Ihre Postanschrift lautet Carretera Saced\u00f3n, KM 42, 16512 Buend\u00eda, Cuenca, Spanien, und ihre E-Mail-Adresse lautet info@palolivo.com (nachstehend DIE <b>ADRESSE DES VERK\u00c4UFERS<\/b>). In der Schweiz ist das Unternehmen unter dem vollst\u00e4ndigen Namen <b>Pal Alcarria SL &#8211; Schweizer Niederlassung<\/b> im Handelsregister mit der Adresse Route de la Rivaz 21, 1844 Villeneuve, Vaud, Schweiz eingetragen.  <\/p>\n<p>Jede Bestellung, die auf der Website <b>www.palolivo.com<\/b> (nachstehend <b>DIE WEBSITE<\/b> DES VERK\u00c4UFERS) aufgegeben wird, setzt die vollst\u00e4ndige und uneingeschr\u00e4nkte Annahme der vorliegenden Allgemeinen Gesch\u00e4ftsbedingungen voraus, die durch einen Best\u00e4tigungsklick formalisiert wird, der als <b>digitale Unterschrift<\/b> gilt.<\/p>\n<h2><b>Objekt<\/b><\/h2>\n<p>Die vorliegenden Bedingungen legen die Rechte und Pflichten der Parteien im Rahmen des Online-Verkaufs der von <b>Pal&#8217;Alcarria SL<\/b> angebotenen Waren fest.<\/p>\n<h2><b>Auftragsbest\u00e4tigung<\/b><\/h2>\n<p>Die vertraglichen Informationen werden per E-Mail an die Adresse, die der Verbraucher bei der Bestellung angegeben hat, best\u00e4tigt.<\/p>\n<h2><b>Nachweis der Transaktion<\/b><\/h2>\n<p>Die in den Computersystemen von <b>Pal&#8217;Alcarria SL<\/b> gespeicherten elektronischen Verzeichnisse werden als Beweis f\u00fcr die Mitteilungen, Bestellungen und Zahlungen angesehen. Die Bestellscheine und Rechnungen werden auf einem zuverl\u00e4ssigen und dauerhaften Datentr\u00e4ger archiviert, der im Falle eines Rechtsstreits vorgelegt werden kann. <\/p>\n<h2><b>Produktinformationen<\/b><\/h2>\n<p>Es werden alle Anstrengungen unternommen, um die Richtigkeit der Informationen auf <b>www.palolivo.com<\/b> zu gew\u00e4hrleisten. Produkt- und Herstellernamen werden nur zu Identifikationszwecken verwendet. Die Fotos und Beschreibungen sind nicht vertraglich bindend.  <\/p>\n<h2><b>G\u00fcltigkeitsdauer des Angebots<\/b><\/h2>\n<p>Unsere Preise sind am Tag der Bestellung g\u00fcltig.<\/p>\n<h2><b>Art der Lieferung<\/b><\/h2>\n<p>Die Produkte werden an die vom Verbraucher angegebene Adresse in den vom <b>VERK\u00c4UFER<\/b> bedienten geografischen Gebieten geliefert. Alle Produkte verlassen unser Haus in einwandfreiem Zustand. Im Falle eines sichtbaren Schadens (L\u00f6cher, Quetschungen) muss der Kunde dies dem Spediteur melden und das Paket gegebenenfalls ablehnen. <b>Pal&#8217;Alcarria SL<\/b> ist unverz\u00fcglich zu informieren, damit ein kostenloser Ersatz geleistet werden kann.  <\/p>\n<p>Im Falle einer Versp\u00e4tung oder eines Verlustes des Pakets werden wir den Spediteur kontaktieren und alle Anstrengungen unternehmen, um das Paket wiederzufinden. <b>Der VERK\u00c4UFER<\/b> lehnt jede Haftung f\u00fcr Lieferverz\u00f6gerungen ab, die mit dem Transportunternehmen, den Wetterbedingungen oder Streiks zusammenh\u00e4ngen.<\/p>\n<h2><b>Probleme bei der Lieferung durch den Luftfrachtf\u00fchrer<\/b><\/h2>\n<p>Jede Anomalie bez\u00fcglich der Lieferung (Schaden, fehlendes Produkt, besch\u00e4digtes Paket&#8230;) muss auf dem Lieferschein vermerkt und dem Spediteur per Einschreiben innerhalb von zwei Werktagen nach Erhalt best\u00e4tigt werden. Eine Kopie dieser Beschwerde muss an DIE <b>ADRESSE DES VERK\u00c4UFERS<\/b> gesendet werden. <\/p>\n<h2><b>Fehler bei der Lieferung<\/b><\/h2>\n<p>Jede Beschwerde \u00fcber Fehler oder Nichtkonformit\u00e4t muss beim <b>VERK\u00c4UFER<\/b> am Tag der Lieferung oder sp\u00e4testens am ersten darauf folgenden Werktag eingereicht werden. Nach Ablauf dieser Frist wird keine Reklamation mehr akzeptiert. Die zur\u00fcckgesandten Produkte m\u00fcssen in ihrer Originalverpackung und in einwandfreiem Zustand sein.  <\/p>\n<h2><b>Produktgarantie<\/b><\/h2>\n<p>Der Verbraucher hat Anspruch auf die gesetzliche Garantie gegen versteckte M\u00e4ngel. Im Falle eines Schadens, der durch einen Fehler des Produkts verursacht wurde, kann nur der Hersteller haftbar gemacht werden. Die Garantiedauer betr\u00e4gt ein Jahr. Ausgeschlossen sind Produkte, die durch den Kunden oder einen nicht autorisierten Dritten ver\u00e4ndert oder repariert wurden.   <\/p>\n<h2><b>Widerrufsrecht<\/b><\/h2>\n<p>Der Verbraucher hat 14 Tage Zeit, um die Produkte auf eigene Kosten zur\u00fcckzusenden. Die Artikel m\u00fcssen vollst\u00e4ndig und in einwandfreiem Zustand zur\u00fcckgesandt werden, um eine Erstattung zu erhalten. Im Falle eines Widerrufs wird <b>der VERK\u00c4UFER<\/b> dem Verbraucher den Kaufpreis innerhalb von 14 Tagen zur\u00fcckerstatten.  <\/p>\n<h2><b>H\u00f6here Gewalt<\/b><\/h2>\n<p>Keine der Parteien haftet f\u00fcr Verz\u00f6gerungen oder Behinderungen, die auf h\u00f6here Gewalt zur\u00fcckzuf\u00fchren sind. Die Parteien werden sich innerhalb von zehn Tagen nach Bekanntwerden des Ereignisses miteinander in Verbindung setzen, um die Modalit\u00e4ten der Fortsetzung des Vertrags zu vereinbaren. <\/p>\n<h2><b>Teilweise Nicht-Validierung<\/b><\/h2>\n<p>Wenn eine Klausel dieser Bedingungen f\u00fcr ung\u00fcltig befunden wird, bleiben die \u00fcbrigen Klauseln in Kraft.<\/p>\n<h2><b>Keine Verzichtserkl\u00e4rung<\/b><\/h2>\n<p>Die Tatsache, dass eine der Parteien die Anwendung einer Klausel dieser Vereinbarung nicht einfordert, kann nicht als Verzicht auf diese Klausel ausgelegt werden.<\/p>\n<h2><b>Anwendbares Recht<\/b><\/h2>\n<p>Die vorliegenden Bedingungen unterliegen dem Schweizer Recht. Im Falle eines Rechtsstreits wendet sich der Verbraucher zun\u00e4chst an den <b>VERK\u00c4UFER<\/b>, um eine g\u00fctliche L\u00f6sung zu finden. <\/p>\n<h2><b>Schutz personenbezogener Daten<\/b><\/h2>\n<p>Pers\u00f6nliche Daten werden gesammelt, um die Bestellungen zu bearbeiten. Gem\u00e4\u00df dem Gesetz hat der Verbraucher das Recht, seine Daten zu berichtigen und zu l\u00f6schen. <\/p>\n<h2><b>Streitigkeiten<\/b><\/h2>\n<p>Jede \u00fcber die <b>VERK\u00c4UFER-WEBSITE<\/b> aufgegebene Bestellung setzt die Zustimmung des Kunden zu den vorliegenden Allgemeinen Gesch\u00e4ftsbedingungen voraus. Im Falle eines Rechtsstreits mit einer juristischen Person ist nur das Handelsgericht des Firmensitzes des <b>VERK\u00c4UFERS<\/b> zust\u00e4ndig. <\/p>\n<p>[\/et_pb_text][\/et_pb_column][et_pb_column type=&#8220;1_3&#8243; _builder_version=&#8220;4.16&#8243; _module_preset=&#8220;default&#8220; global_colors_info=&#8220;{}&#8220;][et_pb_button button_url=&#8220;@ET-DC@eyJkeW5hbWljIjp0cnVlLCJjb250ZW50IjoicG9zdF9saW5rX3VybF9wYWdlIiwic2V0dGluZ3MiOnsicG9zdF9pZCI6IjI2MDA1In19@&#8220; button_text=&#8220;Zur\u00fcck zum Shop&#8220; _builder_version=&#8220;4.27.2&#8243; _dynamic_attributes=&#8220;button_url&#8220; _module_preset=&#8220;default&#8220; global_colors_info=&#8220;{}&#8220;][\/et_pb_button][et_pb_shop posts_number=&#8220;4&#8243; hover_overlay_color=&#8220;rgba(10,10,10,0.53)&#8220; _builder_version=&#8220;4.27.2&#8243; _module_preset=&#8220;default&#8220; title_font=&#8220;|700|||||||&#8220; title_font_size=&#8220;20px&#8220; title_line_height=&#8220;1.2em&#8220; price_font=&#8220;|700|||||||&#8220; price_font_size=&#8220;17px&#8220; global_colors_info=&#8220;{}&#8220;][\/et_pb_shop][\/et_pb_column][\/et_pb_row][\/et_pb_section]<\/p>\n","protected":false},"excerpt":{"rendered":"<p>Allgemeine Verkaufsbedingungen und R\u00fcckgaberecht Die Firma Pal&#8217;Alcarria SL (nachfolgend DER VERK\u00c4UFER) ist im spanischen Handelsregister unter der Nummer N.I.F B01883537 eingetragen. Ihre Postanschrift lautet Carretera Saced\u00f3n, KM 42, 16512 Buend\u00eda, Cuenca, Spanien, und ihre E-Mail-Adresse lautet info@palolivo.com (nachstehend DIE ADRESSE DES VERK\u00c4UFERS). In der Schweiz ist das Unternehmen unter dem vollst\u00e4ndigen Namen Pal Alcarria SL [&hellip;]<\/p>\n","protected":false},"author":1,"featured_media":0,"parent":0,"menu_order":0,"comment_status":"closed","ping_status":"closed","template":"","meta":{"_et_pb_use_builder":"on","_et_pb_old_content":"","_et_gb_content_width":"","footnotes":""},"class_list":["post-35044","page","type-page","status-publish","hentry"],"_links":{"self":[{"href":"https:\/\/palolivo.com\/de\/wp-json\/wp\/v2\/pages\/35044","targetHints":{"allow":["GET"]}}],"collection":[{"href":"https:\/\/palolivo.com\/de\/wp-json\/wp\/v2\/pages"}],"about":[{"href":"https:\/\/palolivo.com\/de\/wp-json\/wp\/v2\/types\/page"}],"author":[{"embeddable":true,"href":"https:\/\/palolivo.com\/de\/wp-json\/wp\/v2\/users\/1"}],"replies":[{"embeddable":true,"href":"https:\/\/palolivo.com\/de\/wp-json\/wp\/v2\/comments?post=35044"}],"version-history":[{"count":0,"href":"https:\/\/palolivo.com\/de\/wp-json\/wp\/v2\/pages\/35044\/revisions"}],"wp:attachment":[{"href":"https:\/\/palolivo.com\/de\/wp-json\/wp\/v2\/media?parent=35044"}],"curies":[{"name":"wp","href":"https:\/\/api.w.org\/{rel}","templated":true}]}}