{"id":35092,"date":"2021-09-20T20:03:06","date_gmt":"2021-09-20T18:03:06","guid":{"rendered":"https:\/\/palolivo.com\/produit\/palolivo-entdeckungsset-2x250ml-natives-bio-olivenoel-extra\/"},"modified":"2026-02-11T12:47:30","modified_gmt":"2026-02-11T11:47:30","slug":"palolivo-entdeckungsset-2x250ml-natives-bio-olivenoel-extra","status":"publish","type":"product","link":"https:\/\/palolivo.com\/de\/produkt\/palolivo-entdeckungsset-2x250ml-natives-bio-olivenoel-extra\/","title":{"rendered":"Natives Bio-Oliven\u00f6l Extra &#8211; Duo Verkostung Pal&#8217;Olivo"},"content":{"rendered":"<h1>Die perfekte Kombination: Charakter und Sanftheit<\/h1>\n<p>Beschr\u00e4nken Sie sich nicht l\u00e4nger auf einen einzigen Geschmack. Mit dem Duo Pal&#8217;Olivo haben Sie das perfekte \u00d6l f\u00fcr jedes Gericht, jeden Wunsch und jede Tageszeit.<br \/>\nDieses Paket enth\u00e4lt unsere beiden ikonischen Sorten, die in Spanien biologisch angebaut werden. <\/p>\n<h2>\ud83d\udc9a La Verdeja: Die Intensive<\/h2>\n<p>Ein charaktervolles \u00d6l, das sehr fr\u00fch geerntet wird, um die Polyphenole zu maximieren.<\/p>\n<ul>\n<li>Aromaprofil: Noten von geschnittenem Gras, gr\u00fcner Tomate und einer leichten Sch\u00e4rfe im Abgang.<\/li>\n<li>Verwendung: Zum Verfeinern von cremigen Nudelgerichten, Fleisch, gegrilltem Gem\u00fcse, Salaten oder einfach auf ger\u00f6stetem Brot.<\/li>\n<\/ul>\n<h2>\ud83d\udc9b L&#8217;Arbequina: Die Sanfte<\/h2>\n<p>Ein rundes, cremiges und einvernehmliches \u00d6l, das der ganzen Familie gef\u00e4llt.<\/p>\n<ul>\n<li>Aromaprofil: Noten von frischen Mandeln, \u00c4pfeln und Bananen.<\/li>\n<li>Ideale Verwendung: F\u00fcr empfindliche Fischgerichte, ged\u00fcnstetes Gem\u00fcse, Backwaren oder Marinaden.<\/li>\n<\/ul>\n<h2>\ud83d\udce6 Welches Format soll ich w\u00e4hlen?<\/h2>\n<p>Das <strong>Probierpaket (2 x 250 ml):<\/strong><br \/>\nDies ist die ideale Option zum Verschenken. Die Flaschen werden in unserer Signaturschachtel aus Karton pr\u00e4sentiert. Das perfekte Geschenk f\u00fcr Feinschmecker, zu Weihnachten oder als Dankesch\u00f6n f\u00fcr einen Gastgeber.  <\/p>\n<p><strong>Das Duo Chefs (2 x 1L):<\/strong><br \/>\nDies ist die &#8222;praktische&#8220; Option. Sie erhalten beide \u00d6le im Gro\u00dfformat (Alu-Kanister) ohne die Umverpackung als Geschenk. Das ist das beste Preis-Leistungs-Verh\u00e4ltnis f\u00fcr alle, die t\u00e4glich mit Oliven\u00f6l kochen.  <\/p>\n","protected":false},"excerpt":{"rendered":"<p>Warum w\u00e4hlen, wenn Sie das Beste aus beiden Welten haben k\u00f6nnen? Dieses Duo vereint unsere beiden biologischen Grands Crus, um Ihre gesamte kulinarische Palette abzudecken: die pflanzliche Kraft von Verdeja und die fruchtige S\u00fc\u00dfe von Arbequina. <\/p>\n<p><strong>W\u00e4hlen Sie Ihr Format:<\/strong><\/p>\n<ul>\n<li>\ud83c\udf81 Geschenkbox (2 x 250ml): In einer eleganten Schachtel verpackt. Ideal zum Verschenken oder f\u00fcr eine erste Entdeckung. <\/li>\n<li>\ud83c\udf73 Familienformat (2 x 1L): Die preiswerte Wahl f\u00fcr Feinschmecker. Zwei robuste Flaschen f\u00fcr die t\u00e4gliche gesunde K\u00fcche. <\/li>\n<\/ul>\n<p>\ud83c\udf31 Herkunft: Spanien (Buendia, Cuenca) | Ernte: Fr\u00fche Ernte (Oktober) | Acidit\u00e4t: 0.1%.<\/p>\n","protected":false},"featured_media":58186,"comment_status":"open","ping_status":"closed","template":"","meta":{"_et_pb_use_builder":"off","_et_pb_old_content":"Entdecken Sie das Pal'Olivo Bio Natives Oliven\u00f6l Extra Set, das zwei 250ml-Flaschen unserer beiden lokalen Sorten Arbequina und Verdeja enth\u00e4lt. Dieses Paket ist ideal f\u00fcr Feinschmecker und Entdecker einzigartiger Aromen. Das milde <strong>Arbequina<\/strong> mit seinen fruchtigen und delikaten Noten ist perfekt f\u00fcr die Begleitung von feinen Gerichten wie Salaten, Fisch oder gebratenem Gem\u00fcse. <strong>Verdeja<\/strong> ist unser \"Signature\"-\u00d6l. Es hat eine einzigartige gr\u00fcne Farbe und erinnert Sie in der Nase an frisch gem\u00e4htes Gras, gr\u00fcne Tomaten und einen sommerlichen Garten. Im Mund ist es intensiv fruchtig mit einer ausgewogenen Sch\u00e4rfe. Dieses Duo von Bio-Oliven\u00f6len wird sorgf\u00e4ltig in Spanien angebaut, wo Pal'Olivo die Traditionen und die Umwelt respektiert. Diese \u00d6le werden kalt gepresst, um alle ihre N\u00e4hrstoffe zu bewahren, und bieten einen hohen Gehalt an Antioxidantien und einfach unges\u00e4ttigten Fetts\u00e4uren, die das ganze Jahr \u00fcber f\u00fcr eine gute Kondition sorgen. Verschenken Sie dieses Paket zu einem besonderen Anlass oder probieren Sie es zu Hause und entdecken Sie die ganze Vielfalt und Komplexit\u00e4t unserer Bio-\u00d6le. Dieses Oliven\u00f6lpaket ist die perfekte Wahl f\u00fcr alle, die ihre t\u00e4glichen Mahlzeiten bereichern und ein wenig spanische Sonne in ihre K\u00fcche bringen m\u00f6chten. Eine echte Einladung zu einer kulinarischen Reise!          ","_et_gb_content_width":""},"product_brand":[238],"product_cat":[227],"product_tag":[],"class_list":{"0":"post-35092","1":"product","2":"type-product","3":"status-publish","4":"has-post-thumbnail","6":"product_brand-palolivo","7":"product_cat-bio-olivenol-extra-vergine","9":"first","10":"instock","11":"shipping-taxable","12":"purchasable","13":"product-type-variable"},"_links":{"self":[{"href":"https:\/\/palolivo.com\/de\/wp-json\/wp\/v2\/product\/35092","targetHints":{"allow":["GET"]}}],"collection":[{"href":"https:\/\/palolivo.com\/de\/wp-json\/wp\/v2\/product"}],"about":[{"href":"https:\/\/palolivo.com\/de\/wp-json\/wp\/v2\/types\/product"}],"replies":[{"embeddable":true,"href":"https:\/\/palolivo.com\/de\/wp-json\/wp\/v2\/comments?post=35092"}],"wp:featuredmedia":[{"embeddable":true,"href":"https:\/\/palolivo.com\/de\/wp-json\/wp\/v2\/media\/58186"}],"wp:attachment":[{"href":"https:\/\/palolivo.com\/de\/wp-json\/wp\/v2\/media?parent=35092"}],"wp:term":[{"taxonomy":"product_brand","embeddable":true,"href":"https:\/\/palolivo.com\/de\/wp-json\/wp\/v2\/product_brand?post=35092"},{"taxonomy":"product_cat","embeddable":true,"href":"https:\/\/palolivo.com\/de\/wp-json\/wp\/v2\/product_cat?post=35092"},{"taxonomy":"product_tag","embeddable":true,"href":"https:\/\/palolivo.com\/de\/wp-json\/wp\/v2\/product_tag?post=35092"}],"curies":[{"name":"wp","href":"https:\/\/api.w.org\/{rel}","templated":true}]}}