{"id":35036,"date":"2024-11-05T23:05:57","date_gmt":"2024-11-05T22:05:57","guid":{"rendered":"https:\/\/palolivo.com\/nuestro-proyecto\/"},"modified":"2026-02-07T08:44:16","modified_gmt":"2026-02-07T07:44:16","slug":"nuestro-proyecto","status":"publish","type":"page","link":"https:\/\/palolivo.com\/es\/nuestro-proyecto\/","title":{"rendered":"Nuestro proyecto"},"content":{"rendered":"<p>[et_pb_section fb_built=\u00bb1&#8243; _builder_version=\u00bb4.27.2&#8243; _module_preset=\u00bbdefault\u00bb background_color=\u00bb#EAEBE6&#8243; global_colors_info=\u00bb{}\u00bb][et_pb_row column_structure=\u00bb1_3,2_3&#8243; _builder_version=\u00bb4.27.2&#8243; _module_preset=\u00bbdefault\u00bb global_colors_info=\u00bb{}\u00bb custom_padding=\u00bb||0px|||\u00bb][et_pb_column type=\u00bb1_3&#8243; _builder_version=\u00bb4.27.2&#8243; _module_preset=\u00bbdefault\u00bb global_colors_info=\u00bb{}\u00bb][et_pb_image src=\u00bbhttps:\/\/palolivo.com\/wp-content\/uploads\/2020\/08\/Palomino_Abuelo.jpg\u00bb title_text=\u00bbPalomino_Abuelo\u00bb _builder_version=\u00bb4.27.3&#8243; _module_preset=\u00bbdefault\u00bb custom_margin=\u00bb||0px||false|false\u00bb global_colors_info=\u00bb{}\u00bb][\/et_pb_image][et_pb_text _builder_version=\u00bb4.27.5&#8243; _module_preset=\u00bbdefault\u00bb text_font=\u00bb|600|||||||\u00bb text_font_size=\u00bb13px\u00bb text_line_height=\u00bb1.1em\u00bb min_height=\u00bb163.3px\u00bb custom_margin=\u00bb10px||0px||false|false\u00bb custom_padding=\u00bb||0px||false|false\u00bb hover_enabled=\u00bb0&#8243; global_colors_info=\u00bb{}\u00bb sticky_enabled=\u00bb0&#8243;]<\/p>\n<p>El abuelo Eugenio Palomino junto a un almendro.<\/p>\n<p>[\/et_pb_text][\/et_pb_column][et_pb_column type=\u00bb2_3&#8243; _builder_version=\u00bb4.27.5&#8243; _module_preset=\u00bbdefault\u00bb global_colors_info=\u00bb{}\u00bb][et_pb_text _builder_version=\u00bb4.27.5&#8243; _module_preset=\u00bbdefault\u00bb text_font=\u00bb&#8211;et_global_body_font|&#8211;et_global_heading_font_weight|||||||\u00bb text_font_size=\u00bb20px\u00bb text_line_height=\u00bb1.3em\u00bb header_font=\u00bb|700|||||||\u00bb header_font_size=\u00bb75px\u00bb header_line_height=\u00bb1.1em\u00bb header_2_font_size=\u00bb25px\u00bb header_2_line_height=\u00bb1.2em\u00bb custom_margin=\u00bb0px||||false|false\u00bb text_font_size_tablet=\u00bb25px\u00bb text_font_size_phone=\u00bb16px\u00bb text_font_size_last_edited=\u00bbon|phone\u00bb header_font_size_tablet=\u00bb50px\u00bb header_font_size_phone=\u00bb35px\u00bb header_font_size_last_edited=\u00bbon|phone\u00bb header_2_font_size_tablet=\u00bb25px\u00bb header_2_font_size_phone=\u00bb17px\u00bb header_2_font_size_last_edited=\u00bbon|phone\u00bb global_colors_info=\u00bb{}\u00bb]<\/p>\n<h1>Nuestra tierra rica en tradiciones y sabores<\/h1>\n<p>Situada en el coraz\u00f3n de Espa\u00f1a, la Alcarria Conquense es una regi\u00f3n de paisajes aut\u00e9nticos y clima \u00e1rido, ideal para el cultivo del olivo. Aqu\u00ed, la sierra ba\u00f1ada por el sol da lugar a una variedad de aceitunas de calidad excepcional: La <strong>Verdeja<\/strong>, variedad end\u00e9mica de esta regi\u00f3n, es la joya de nuestra tierra. Recolectada en el envero, en octubre, y prensada en fr\u00edo en cuanto se recoge, nuestra variedad de aceituna produce un aceite de aromas intensos y sabores profundos, que refleja toda la riqueza de nuestro terru\u00f1o espa\u00f1ol.  <\/p>\n<p>[\/et_pb_text][et_pb_text _builder_version=\u00bb4.27.5&#8243; _module_preset=\u00bbdefault\u00bb text_font=\u00bb&#8211;et_global_body_font|&#8211;et_global_heading_font_weight|||||||\u00bb text_font_size=\u00bb20px\u00bb text_line_height=\u00bb1.3em\u00bb header_font=\u00bb|700|||||||\u00bb header_font_size=\u00bb75px\u00bb header_line_height=\u00bb1.1em\u00bb header_2_font_size=\u00bb25px\u00bb header_2_line_height=\u00bb1.2em\u00bb custom_margin=\u00bb0px||||false|false\u00bb text_font_size_tablet=\u00bb25px\u00bb text_font_size_phone=\u00bb16px\u00bb text_font_size_last_edited=\u00bbon|phone\u00bb header_font_size_tablet=\u00bb50px\u00bb header_font_size_phone=\u00bb35px\u00bb header_font_size_last_edited=\u00bbon|phone\u00bb header_2_font_size_tablet=\u00bb25px\u00bb header_2_font_size_phone=\u00bb17px\u00bb header_2_font_size_last_edited=\u00bbon|phone\u00bb global_colors_info=\u00bb{}\u00bb]<\/p>\n<h1>Una historia familiar<\/h1>\n<p>Pal&#8217;Olivo es mucho m\u00e1s que una empresa, es sobre todo una historia familiar, de pasi\u00f3n por la tierra y sus frutos, y sobre todo inspirada por largos momentos de sobremesa. Por nuestros abuelos, que nos transmitieron el amor por el trabajo bien hecho y el respeto a la tierra, decidimos continuar el legado produciendo aceite de oliva virgen extra ecol\u00f3gico de alta calidad. Cada miembro de la familia desempe\u00f1a un papel esencial en nuestro proyecto, combinando experiencia, innovaci\u00f3n y dedicaci\u00f3n.  <\/p>\n<p>&nbsp;<\/p>\n<p>[\/et_pb_text][\/et_pb_column][\/et_pb_row][et_pb_row column_structure=\u00bb1_4,1_4,1_4,1_4&#8243; _builder_version=\u00bb4.16&#8243; _module_preset=\u00bbdefault\u00bb global_colors_info=\u00bb{}\u00bb][et_pb_column type=\u00bb1_4&#8243; _builder_version=\u00bb4.16&#8243; _module_preset=\u00bbdefault\u00bb global_colors_info=\u00bb{}\u00bb][et_pb_team_member name=\u00bb\u00c1ngel Palomino de la Oliva\u00bb position=\u00bbProductor y cofundador\u00bb image_url=\u00bbhttps:\/\/palolivo.com\/wp-content\/uploads\/2021\/10\/PAL_ANGL.jpg\u00bb icon_color=\u00bb#0A0A0A\u00bb _builder_version=\u00bb4.27.2&#8243; _module_preset=\u00bbdefault\u00bb header_font=\u00bb|700|||||||\u00bb header_font_size=\u00bb20px\u00bb header_line_height=\u00bb1.1em\u00bb body_font=\u00bb|700|||||||\u00bb body_font_size=\u00bb16px\u00bb position_font=\u00bb|300|||||||\u00bb position_text_color=\u00bb#aaaaaa\u00bb position_line_height=\u00bb2em\u00bb body_link_text_color=\u00bb#aaaaaa\u00bb border_radii_image=\u00bbon|200px|200px|200px|200px\u00bb global_colors_info=\u00bb{}\u00bb]<\/p>\n<p><span>Buendia, Cuenca. Es \u00c1ngel quien susurra al o\u00eddo de los olivos durante todo el a\u00f1o para que podamos ofrecerte el mejor aceite de oliva virgen extra ecol\u00f3gico. Su sentido del humor anima nuestras reuniones semanales.  <\/span><\/p>\n<p>[\/et_pb_team_member][\/et_pb_column][et_pb_column type=\u00bb1_4&#8243; _builder_version=\u00bb4.16&#8243; _module_preset=\u00bbdefault\u00bb global_colors_info=\u00bb{}\u00bb][et_pb_team_member name=\u00bbJesus Perez Palomino\u00bb position=\u00bbDirector y cofundador\u00bb image_url=\u00bbhttps:\/\/palolivo.com\/wp-content\/uploads\/2022\/09\/jesus-team-1.jpg\u00bb icon_color=\u00bb#0A0A0A\u00bb _builder_version=\u00bb4.18.0&#8243; _module_preset=\u00bbdefault\u00bb header_font=\u00bb|700|||||||\u00bb header_font_size=\u00bb20px\u00bb header_line_height=\u00bb1.1em\u00bb body_font=\u00bb|700|||||||\u00bb body_font_size=\u00bb16px\u00bb position_font=\u00bb|300|||||||\u00bb position_text_color=\u00bb#aaaaaa\u00bb position_line_height=\u00bb2em\u00bb body_link_text_color=\u00bb#aaaaaa\u00bb border_radii_image=\u00bbon|200px|200px|200px|200px\u00bb global_colors_info=\u00bb{}\u00bb]<\/p>\n<p><span>Con sede en Villeneuve, en el cant\u00f3n de Vaud, con Corine, Jes\u00fas, conocido como \u00abEl Abuelo\u00bb, contable, experto en importaci\u00f3n-exportaci\u00f3n, responsable de existencias y gastos y un sinf\u00edn de tareas m\u00e1s para garantizar que podamos suministrarte aceite.<\/span><\/p>\n<p>[\/et_pb_team_member][\/et_pb_column][et_pb_column type=\u00bb1_4&#8243; _builder_version=\u00bb4.16&#8243; _module_preset=\u00bbdefault\u00bb global_colors_info=\u00bb{}\u00bb][et_pb_team_member name=\u00bbDavid Perez\u00bb position=\u00bbCreativo y cofundador\u00bb image_url=\u00bbhttps:\/\/palolivo.com\/wp-content\/uploads\/2022\/09\/david-team-1.jpg\u00bb icon_color=\u00bb#0A0A0A\u00bb _builder_version=\u00bb4.27.3&#8243; _module_preset=\u00bbdefault\u00bb header_font=\u00bb|700|||||||\u00bb header_font_size=\u00bb20px\u00bb header_line_height=\u00bb1.1em\u00bb body_font=\u00bb|700|||||||\u00bb body_font_size=\u00bb16px\u00bb position_font=\u00bb|300|||||||\u00bb position_text_color=\u00bb#aaaaaa\u00bb position_line_height=\u00bb2em\u00bb body_link_text_color=\u00bb#aaaaaa\u00bb border_radii_image=\u00bbon|200px|200px|200px|200px\u00bb global_colors_info=\u00bb{}\u00bb]<\/p>\n<p><span>Hispano-Suizo con sede en Schaffhausen, en Suiza, David est\u00e1 detr\u00e1s de nuestra imagen de marca, envases, botellas, etiquetas y otras tareas creativas. <a href=\"https:\/\/www.instagram.com\/perezdavid\/\">@perezdavid<\/a><\/span><span><\/span><\/p>\n<p><span><\/span><\/p>\n<p>[\/et_pb_team_member][\/et_pb_column][et_pb_column type=\u00bb1_4&#8243; _builder_version=\u00bb4.16&#8243; _module_preset=\u00bbdefault\u00bb global_colors_info=\u00bb{}\u00bb][et_pb_team_member name=\u00bbAna\u00efs Perez\u00bb position=\u00bbCoordinadora de Comunicaci\u00f3n\u00bb image_url=\u00bbhttps:\/\/palolivo.com\/wp-content\/uploads\/2022\/09\/anais-team-1.jpg\u00bb icon_color=\u00bb#0A0A0A\u00bb _builder_version=\u00bb4.27.2&#8243; _module_preset=\u00bbdefault\u00bb header_font=\u00bb|700|||||||\u00bb header_font_size=\u00bb20px\u00bb header_line_height=\u00bb1.1em\u00bb body_font=\u00bb|700|||||||\u00bb body_font_size=\u00bb16px\u00bb position_font=\u00bb|300|||||||\u00bb position_text_color=\u00bb#aaaaaa\u00bb position_line_height=\u00bb2em\u00bb body_link_text_color=\u00bb#aaaaaa\u00bb border_radii_image=\u00bbon|200px|200px|200px|200px\u00bb global_colors_info=\u00bb{}\u00bb]<\/p>\n<p><span>Nuestra hija, hermana, prima, madre y compa\u00f1era Ana\u00efs  <\/span><span>que nos ayuda a comunicarnos con vosotros y a desarrollar la experiencia de nuestros queridos padrinos y madrinas de arboles. Tambi\u00e9n est\u00e1 detr\u00e1s de algunas de las publicaciones en nuestras redes sociales.   <a href=\"https:\/\/www.instagram.com\/naispe\/\">@naispe<\/a><\/span><\/p>\n<p>[\/et_pb_team_member][\/et_pb_column][\/et_pb_row][et_pb_row _builder_version=\u00bb4.27.5&#8243; _module_preset=\u00bbdefault\u00bb custom_padding=\u00bb|35px||35px|true|true\u00bb box_shadow_style=\u00bbpreset4&#8243; global_colors_info=\u00bb{}\u00bb border_radii=\u00bbon|10px|10px|10px|10px\u00bb border_width_all=\u00bb2px\u00bb border_color_all=\u00bb#0A0A0A\u00bb box_shadow_horizontal=\u00bb5px\u00bb box_shadow_vertical=\u00bb5px\u00bb box_shadow_color=\u00bb#0A0A0A\u00bb][et_pb_column type=\u00bb4_4&#8243; _builder_version=\u00bb4.27.5&#8243; _module_preset=\u00bbdefault\u00bb hover_enabled=\u00bb0&#8243; global_colors_info=\u00bb{}\u00bb sticky_enabled=\u00bb0&#8243;][et_pb_text _builder_version=\u00bb4.27.2&#8243; _module_preset=\u00bbdefault\u00bb header_font=\u00bb|700|||||||\u00bb header_line_height=\u00bb1.1em\u00bb header_font_size_tablet=\u00bb50px\u00bb header_font_size_phone=\u00bb35px\u00bb header_font_size_last_edited=\u00bbon|phone\u00bb global_colors_info=\u00bb{}\u00bb]<\/p>\n<h1>Descubre nuestros aceites de oliva virgen extra ecol\u00f3gicos<\/h1>\n<p>[\/et_pb_text][et_pb_shop posts_number=\u00bb2&#8243; hover_overlay_color=\u00bbrgba(10,10,10,0.5)\u00bb show_rating=\u00bboff\u00bb show_sale_badge=\u00bboff\u00bb _builder_version=\u00bb4.27.5&#8243; _module_preset=\u00bbdefault\u00bb title_font=\u00bb|700|||||||\u00bb title_font_size=\u00bb16px\u00bb title_line_height=\u00bb1.1em\u00bb price_font=\u00bb|700|||||||\u00bb price_font_size=\u00bb16px\u00bb hover_enabled=\u00bb0&#8243; global_colors_info=\u00bb{}\u00bb columns_number=\u00bb4&#8243; sticky_enabled=\u00bb0&#8243;][\/et_pb_shop][et_pb_button button_url=\u00bb@ET-DC@eyJkeW5hbWljIjp0cnVlLCJjb250ZW50IjoicG9zdF9saW5rX3VybF9wYWdlIiwic2V0dGluZ3MiOnsicG9zdF9pZCI6IjI2MDA1In19@\u00bb button_text=\u00bbTienda online\u00bb button_alignment=\u00bbcenter\u00bb _builder_version=\u00bb4.27.2&#8243; _dynamic_attributes=\u00bbbutton_url\u00bb _module_preset=\u00bbdefault\u00bb custom_button=\u00bbon\u00bb button_text_color=\u00bb#FFFFFF\u00bb button_bg_color=\u00bb#0A0A0A\u00bb global_colors_info=\u00bb{}\u00bb][\/et_pb_button][\/et_pb_column][\/et_pb_row][et_pb_row _builder_version=\u00bb4.27.5&#8243; _module_preset=\u00bbdefault\u00bb column_structure=\u00bb1_2,1_2&#8243;][et_pb_column _builder_version=\u00bb4.27.5&#8243; _module_preset=\u00bbdefault\u00bb type=\u00bb1_2&#8243;][et_pb_text _builder_version=\u00bb4.27.5&#8243; _module_preset=\u00bbdefault\u00bb hover_enabled=\u00bb0&#8243; sticky_enabled=\u00bb0&#8243;]<\/p>\n<p><strong>Direcci\u00f3n f\u00edsica en Suiza:<\/strong><\/p>\n<p>Pal&#8217;Alcarria SL &#8211; Sucursal suiza de Villeneuve<br \/>Route de la Rivaz 21<br \/>1844 Villeneuve, Vaud, Suiza<\/p>\n<p><strong>Datos de contacto:  <\/strong><\/p>\n<p><a href=\"mailto:info@palolivo.com\">info@palolivo.com<\/a><\/p>\n<p>[\/et_pb_text][\/et_pb_column][et_pb_column _builder_version=\u00bb4.27.5&#8243; _module_preset=\u00bbdefault\u00bb type=\u00bb1_2&#8243;][et_pb_text _builder_version=\u00bb4.27.5&#8243; _module_preset=\u00bbdefault\u00bb hover_enabled=\u00bb0&#8243; sticky_enabled=\u00bb0&#8243;]<\/p>\n<p><strong>Direcci\u00f3n f\u00edsica Espa\u00f1a:<\/strong><\/p>\n<p>Pal&#8217;Alcarria SL<br \/>Carretera Saced\u00f3n, KM 42, 16512 Buend\u00eda, Cuenca, Espa\u00f1a<\/p>\n<p><strong>N.I.F:<\/strong> <span>B01883537<\/span><\/p>\n<p>[\/et_pb_text][\/et_pb_column][\/et_pb_row][et_pb_row _builder_version=\u00bb4.27.2&#8243; _module_preset=\u00bbdefault\u00bb custom_margin=\u00bb35px||||false|false\u00bb global_colors_info=\u00bb{}\u00bb][et_pb_column type=\u00bb4_4&#8243; _builder_version=\u00bb4.27.2&#8243; _module_preset=\u00bbdefault\u00bb global_colors_info=\u00bb{}\u00bb][et_pb_text _builder_version=\u00bb4.27.5&#8243; _module_preset=\u00bbdefault\u00bb text_font=\u00bb&#8211;et_global_body_font|&#8211;et_global_heading_font_weight|||||||\u00bb text_font_size=\u00bb20px\u00bb text_line_height=\u00bb1.3em\u00bb header_font=\u00bb|700|||||||\u00bb header_line_height=\u00bb1.1em\u00bb header_2_font_size=\u00bb25px\u00bb header_2_line_height=\u00bb1.2em\u00bb custom_margin=\u00bb0px||||false|false\u00bb text_font_size_tablet=\u00bb25px\u00bb text_font_size_phone=\u00bb16px\u00bb text_font_size_last_edited=\u00bbon|phone\u00bb header_font_size_tablet=\u00bb50px\u00bb header_font_size_phone=\u00bb35px\u00bb header_font_size_last_edited=\u00bbon|phone\u00bb header_2_font_size_tablet=\u00bb25px\u00bb header_2_font_size_phone=\u00bb17px\u00bb header_2_font_size_last_edited=\u00bbon|phone\u00bb global_colors_info=\u00bb{}\u00bb]<\/p>\n<h1><strong>Nuestros socios cerca de usted.<\/strong><\/h1>\n<p>Estamos orgullosos de trabajar con socios de confianza que comparten nuestros valores y nuestro compromiso con la calidad. Puedes encontrar nuestros aceites de oliva virgen extra ecol\u00f3gicos en las siguientes tiendas y restaurantes. <\/p>\n<p>&nbsp;<\/p>\n<p>[\/et_pb_text][\/et_pb_column][\/et_pb_row][et_pb_row column_structure=\u00bb1_4,1_4,1_4,1_4&#8243; _builder_version=\u00bb4.27.2&#8243; _module_preset=\u00bbdefault\u00bb global_colors_info=\u00bb{}\u00bb][et_pb_column type=\u00bb1_4&#8243; _builder_version=\u00bb4.27.2&#8243; _module_preset=\u00bbdefault\u00bb global_colors_info=\u00bb{}\u00bb][et_pb_team_member name=\u00bbLieblings &#8211; Sch\u00f6nes zum Liebhaben\u00bb position=\u00bbSchaffhausen, CH\u00bb image_url=\u00bbhttps:\/\/palolivo.com\/wp-content\/uploads\/2024\/11\/lieblings-logo.png\u00bb _builder_version=\u00bb4.27.2&#8243; _module_preset=\u00bbdefault\u00bb header_font=\u00bb|700|||||||\u00bb header_font_size=\u00bb22px\u00bb header_line_height=\u00bb1.2em\u00bb body_font_size=\u00bb16px\u00bb body_line_height=\u00bb1.5em\u00bb position_font=\u00bb|700|||||||\u00bb position_font_size=\u00bb16px\u00bb position_line_height=\u00bb2em\u00bb body_link_font=\u00bb|700|||||||\u00bb body_link_text_color=\u00bb#0A0A0A\u00bb custom_padding=\u00bb20px|25px|20px|25px|true|true\u00bb box_shadow_style=\u00bbpreset3&#8243; locked=\u00bboff\u00bb global_colors_info=\u00bb{}\u00bb]<\/p>\n<p><a href=\"https:\/\/www.lieblings.ch\/\" target=\"_blank\" rel=\"noopener\"><span>P\u00e1gina web<\/span><\/a><\/p>\n<p>[\/et_pb_team_member][\/et_pb_column][et_pb_column type=\u00bb1_4&#8243; _builder_version=\u00bb4.27.2&#8243; _module_preset=\u00bbdefault\u00bb global_colors_info=\u00bb{}\u00bb][et_pb_team_member name=\u00bbEl Torre\u00f3n &#8211; Restaurante\u00bb position=\u00bbCuenca, ES\u00bb image_url=\u00bbhttps:\/\/palolivo.com\/wp-content\/uploads\/2024\/11\/Logo-Torreon-negro.png\u00bb _builder_version=\u00bb4.27.2&#8243; _module_preset=\u00bbdefault\u00bb header_font=\u00bb|700|||||||\u00bb header_font_size=\u00bb22px\u00bb header_line_height=\u00bb1.2em\u00bb body_font_size=\u00bb16px\u00bb body_line_height=\u00bb1.5em\u00bb position_font=\u00bb|700|||||||\u00bb position_font_size=\u00bb16px\u00bb position_line_height=\u00bb2em\u00bb body_link_font=\u00bb|700|||||||\u00bb body_link_text_color=\u00bb#0A0A0A\u00bb custom_padding=\u00bb20px|25px|20px|25px|true|true\u00bb box_shadow_style=\u00bbpreset3&#8243; locked=\u00bboff\u00bb global_colors_info=\u00bb{}\u00bb]<\/p>\n<p><a href=\"https:\/\/eltorreoncuenca.com\/\" target=\"_blank\" rel=\"noopener\"><span>P\u00e1gina web<\/span><\/a><\/p>\n<p>[\/et_pb_team_member][\/et_pb_column][et_pb_column type=\u00bb1_4&#8243; _builder_version=\u00bb4.27.2&#8243; _module_preset=\u00bbdefault\u00bb global_colors_info=\u00bb{}\u00bb][et_pb_team_member name=\u00bbSuper Por Punto\u00bb position=\u00bbMadrid, ES\u00bb image_url=\u00bbhttps:\/\/palolivo.com\/wp-content\/uploads\/2024\/11\/logotipo_super.png\u00bb _builder_version=\u00bb4.27.2&#8243; _module_preset=\u00bbdefault\u00bb header_font=\u00bb|700|||||||\u00bb header_font_size=\u00bb22px\u00bb header_line_height=\u00bb1.2em\u00bb body_font_size=\u00bb16px\u00bb body_line_height=\u00bb1.5em\u00bb position_font=\u00bb|700|||||||\u00bb position_font_size=\u00bb16px\u00bb position_line_height=\u00bb2em\u00bb body_link_font=\u00bb|700|||||||\u00bb body_link_text_color=\u00bb#0A0A0A\u00bb custom_padding=\u00bb20px|25px|20px|25px|true|true\u00bb box_shadow_style=\u00bbpreset3&#8243; locked=\u00bboff\u00bb global_colors_info=\u00bb{}\u00bb]<\/p>\n<p><a href=\"https:\/\/superbydot.com\/en\/\" target=\"_blank\" rel=\"noopener\"><span>P\u00e1gina web<\/span><\/a><\/p>\n<p>[\/et_pb_team_member][\/et_pb_column][et_pb_column type=\u00bb1_4&#8243; _builder_version=\u00bb4.27.2&#8243; _module_preset=\u00bbdefault\u00bb global_colors_info=\u00bb{}\u00bb][et_pb_team_member name=\u00bb\u00c9picerie Fine aux Deux Couteaux\u00bb position=\u00bbChernex, CH\u00bb facebook_url=\u00bbhttps:\/\/www.facebook.com\/p\/Epicerie-Fine-aux-Deux-Couteaux-100063581893102\/?locale=fr_FR\u00bb _builder_version=\u00bb4.27.2&#8243; _module_preset=\u00bbdefault\u00bb header_font=\u00bb|700|||||||\u00bb header_font_size=\u00bb26px\u00bb header_line_height=\u00bb1.2em\u00bb body_font_size=\u00bb16px\u00bb body_line_height=\u00bb1.5em\u00bb position_font=\u00bb|700|||||||\u00bb position_font_size=\u00bb16px\u00bb position_line_height=\u00bb2em\u00bb body_link_font=\u00bb|700|||||||\u00bb body_link_text_color=\u00bb#0A0A0A\u00bb custom_padding=\u00bb20px|25px|20px|25px|true|true\u00bb box_shadow_style=\u00bbpreset3&#8243; locked=\u00bboff\u00bb global_colors_info=\u00bb{}\u00bb]<\/p>\n<p>Familia Mercanton, Rue des Deux Fontaines 2, 1822 Chernex<\/p>\n<p>[\/et_pb_team_member][\/et_pb_column][\/et_pb_row][et_pb_row _builder_version=\u00bb4.27.2&#8243; _module_preset=\u00bbdefault\u00bb global_colors_info=\u00bb{}\u00bb][et_pb_column type=\u00bb4_4&#8243; _builder_version=\u00bb4.27.2&#8243; _module_preset=\u00bbdefault\u00bb global_colors_info=\u00bb{}\u00bb][et_pb_divider color=\u00bb#0A0A0A\u00bb _builder_version=\u00bb4.27.2&#8243; _module_preset=\u00bbdefault\u00bb custom_margin=\u00bb35px||0px||false|false\u00bb global_colors_info=\u00bb{}\u00bb][\/et_pb_divider][et_pb_text _builder_version=\u00bb4.27.5&#8243; _module_preset=\u00bbdefault\u00bb text_font=\u00bb&#8211;et_global_body_font|&#8211;et_global_heading_font_weight|||||||\u00bb text_font_size=\u00bb20px\u00bb text_line_height=\u00bb1.3em\u00bb header_font=\u00bb|700|||||||\u00bb header_line_height=\u00bb1.1em\u00bb header_2_font_size=\u00bb25px\u00bb header_2_line_height=\u00bb1.2em\u00bb custom_margin=\u00bb0px||||false|false\u00bb text_font_size_tablet=\u00bb25px\u00bb text_font_size_phone=\u00bb16px\u00bb text_font_size_last_edited=\u00bbon|phone\u00bb header_font_size_tablet=\u00bb50px\u00bb header_font_size_phone=\u00bb35px\u00bb header_font_size_last_edited=\u00bbon|phone\u00bb header_2_font_size_tablet=\u00bb25px\u00bb header_2_font_size_phone=\u00bb17px\u00bb header_2_font_size_last_edited=\u00bbon|phone\u00bb global_colors_info=\u00bb{}\u00bb]<\/p>\n<h1><strong>\u00bfQuieres asociarte?<\/strong><\/h1>\n<p><span>\u00a1\u00danete a nosotros para compartir el aut\u00e9ntico sabor de la Alcarria! Rellena el formulario y descubramos juntos las oportunidades. <\/span><\/p>\n<p>[\/et_pb_text][et_pb_contact_form _builder_version=\u00bb4.27.2&#8243; _module_preset=\u00bbdefault\u00bb _unique_id=\u00bb39283a6f-a87d-45de-a1dd-17bc678fd7ff\u00bb form_field_background_color=\u00bb#FFFFFF\u00bb form_field_text_color=\u00bb#aaaaaa\u00bb form_field_font=\u00bb|700|||||||\u00bb custom_button=\u00bbon\u00bb button_text_color=\u00bb#FFFFFF\u00bb button_bg_color=\u00bb#0A0A0A\u00bb button_font=\u00bb|700|||||||\u00bb custom_margin=\u00bb35px||||false|false\u00bb box_shadow_style=\u00bbpreset3&#8243; global_colors_info=\u00bb{}\u00bb][et_pb_contact_field field_id=\u00bbName\u00bb field_title=\u00bbNombre\u00bb _builder_version=\u00bb4.16&#8243; global_colors_info=\u00bb{}\u00bb button_text_size__hover_enabled=\u00bboff\u00bb button_one_text_size__hover_enabled=\u00bboff\u00bb button_two_text_size__hover_enabled=\u00bboff\u00bb button_text_color__hover_enabled=\u00bboff\u00bb button_one_text_color__hover_enabled=\u00bboff\u00bb button_two_text_color__hover_enabled=\u00bboff\u00bb button_border_width__hover_enabled=\u00bboff\u00bb button_one_border_width__hover_enabled=\u00bboff\u00bb button_two_border_width__hover_enabled=\u00bboff\u00bb button_border_color__hover_enabled=\u00bboff\u00bb button_one_border_color__hover_enabled=\u00bboff\u00bb button_two_border_color__hover_enabled=\u00bboff\u00bb button_border_radius__hover_enabled=\u00bboff\u00bb button_one_border_radius__hover_enabled=\u00bboff\u00bb button_two_border_radius__hover_enabled=\u00bboff\u00bb button_letter_spacing__hover_enabled=\u00bboff\u00bb button_one_letter_spacing__hover_enabled=\u00bboff\u00bb button_two_letter_spacing__hover_enabled=\u00bboff\u00bb button_bg_color__hover_enabled=\u00bboff\u00bb button_one_bg_color__hover_enabled=\u00bboff\u00bb button_two_bg_color__hover_enabled=\u00bboff\u00bb][\/et_pb_contact_field][et_pb_contact_field field_id=\u00bbEmail\u00bb field_title=\u00bbDirecci\u00f3n de correo electr\u00f3nico\u00bb field_type=\u00bbemail\u00bb _builder_version=\u00bb4.16&#8243; global_colors_info=\u00bb{}\u00bb button_text_size__hover_enabled=\u00bboff\u00bb button_one_text_size__hover_enabled=\u00bboff\u00bb button_two_text_size__hover_enabled=\u00bboff\u00bb button_text_color__hover_enabled=\u00bboff\u00bb button_one_text_color__hover_enabled=\u00bboff\u00bb button_two_text_color__hover_enabled=\u00bboff\u00bb button_border_width__hover_enabled=\u00bboff\u00bb button_one_border_width__hover_enabled=\u00bboff\u00bb button_two_border_width__hover_enabled=\u00bboff\u00bb button_border_color__hover_enabled=\u00bboff\u00bb button_one_border_color__hover_enabled=\u00bboff\u00bb button_two_border_color__hover_enabled=\u00bboff\u00bb button_border_radius__hover_enabled=\u00bboff\u00bb button_one_border_radius__hover_enabled=\u00bboff\u00bb button_two_border_radius__hover_enabled=\u00bboff\u00bb button_letter_spacing__hover_enabled=\u00bboff\u00bb button_one_letter_spacing__hover_enabled=\u00bboff\u00bb button_two_letter_spacing__hover_enabled=\u00bboff\u00bb button_bg_color__hover_enabled=\u00bboff\u00bb button_one_bg_color__hover_enabled=\u00bboff\u00bb button_two_bg_color__hover_enabled=\u00bboff\u00bb][\/et_pb_contact_field][et_pb_contact_field field_id=\u00bbMessage\u00bb field_title=\u00bbMensaje\u00bb field_type=\u00bbtext\u00bb fullwidth_field=\u00bbon\u00bb _builder_version=\u00bb4.16&#8243; global_colors_info=\u00bb{}\u00bb button_text_size__hover_enabled=\u00bboff\u00bb button_one_text_size__hover_enabled=\u00bboff\u00bb button_two_text_size__hover_enabled=\u00bboff\u00bb button_text_color__hover_enabled=\u00bboff\u00bb button_one_text_color__hover_enabled=\u00bboff\u00bb button_two_text_color__hover_enabled=\u00bboff\u00bb button_border_width__hover_enabled=\u00bboff\u00bb button_one_border_width__hover_enabled=\u00bboff\u00bb button_two_border_width__hover_enabled=\u00bboff\u00bb button_border_color__hover_enabled=\u00bboff\u00bb button_one_border_color__hover_enabled=\u00bboff\u00bb button_two_border_color__hover_enabled=\u00bboff\u00bb button_border_radius__hover_enabled=\u00bboff\u00bb button_one_border_radius__hover_enabled=\u00bboff\u00bb button_two_border_radius__hover_enabled=\u00bboff\u00bb button_letter_spacing__hover_enabled=\u00bboff\u00bb button_one_letter_spacing__hover_enabled=\u00bboff\u00bb button_two_letter_spacing__hover_enabled=\u00bboff\u00bb button_bg_color__hover_enabled=\u00bboff\u00bb button_one_bg_color__hover_enabled=\u00bboff\u00bb button_two_bg_color__hover_enabled=\u00bboff\u00bb][\/et_pb_contact_field][\/et_pb_contact_form][\/et_pb_column][\/et_pb_row][\/et_pb_section]<\/p>\n","protected":false},"excerpt":{"rendered":"<p>El abuelo Eugenio Palomino junto a un almendro.Nuestra tierra rica en tradiciones y sabores Situada en el coraz\u00f3n de Espa\u00f1a, la Alcarria Conquense es una regi\u00f3n de paisajes aut\u00e9nticos y clima \u00e1rido, ideal para el cultivo del olivo. Aqu\u00ed, la sierra ba\u00f1ada por el sol da lugar a una variedad de aceitunas de calidad excepcional: [&hellip;]<\/p>\n","protected":false},"author":1,"featured_media":0,"parent":0,"menu_order":0,"comment_status":"closed","ping_status":"closed","template":"","meta":{"_et_pb_use_builder":"on","_et_pb_old_content":"","_et_gb_content_width":"","footnotes":""},"class_list":["post-35036","page","type-page","status-publish","hentry"],"_links":{"self":[{"href":"https:\/\/palolivo.com\/es\/wp-json\/wp\/v2\/pages\/35036","targetHints":{"allow":["GET"]}}],"collection":[{"href":"https:\/\/palolivo.com\/es\/wp-json\/wp\/v2\/pages"}],"about":[{"href":"https:\/\/palolivo.com\/es\/wp-json\/wp\/v2\/types\/page"}],"author":[{"embeddable":true,"href":"https:\/\/palolivo.com\/es\/wp-json\/wp\/v2\/users\/1"}],"replies":[{"embeddable":true,"href":"https:\/\/palolivo.com\/es\/wp-json\/wp\/v2\/comments?post=35036"}],"version-history":[{"count":0,"href":"https:\/\/palolivo.com\/es\/wp-json\/wp\/v2\/pages\/35036\/revisions"}],"wp:attachment":[{"href":"https:\/\/palolivo.com\/es\/wp-json\/wp\/v2\/media?parent=35036"}],"curies":[{"name":"wp","href":"https:\/\/api.w.org\/{rel}","templated":true}]}}