{"id":35049,"date":"2024-10-02T21:48:44","date_gmt":"2024-10-02T19:48:44","guid":{"rendered":"https:\/\/palolivo.com\/inicio\/"},"modified":"2026-02-25T18:26:40","modified_gmt":"2026-02-25T17:26:40","slug":"inicio","status":"publish","type":"page","link":"https:\/\/palolivo.com\/es\/","title":{"rendered":"Inicio"},"content":{"rendered":"<p>[et_pb_section fb_built=\u00bb1&#8243; admin_label=\u00bbHeader\u00bb _builder_version=\u00bb4.27.5&#8243; _module_preset=\u00bbdefault\u00bb background_color=\u00bbgcid-67960745-cc0c-4d73-b86b-ef2d6023be78&#8243; collapsed=\u00bboff\u00bb global_colors_info=\u00bb{%22gcid-67960745-cc0c-4d73-b86b-ef2d6023be78%22:%91%22background_color%22%93}\u00bb][et_pb_row custom_padding_last_edited=\u00bbon|phone\u00bb admin_label=\u00bbL\u00ednea\u00bb _builder_version=\u00bb4.27.5&#8243; _module_preset=\u00bbdefault\u00bb custom_margin=\u00bb||||false|false\u00bb custom_margin_tablet=\u00bb||||false|false\u00bb custom_margin_phone=\u00bb0px||0px||false|false\u00bb custom_margin_last_edited=\u00bbon|phone\u00bb custom_padding_tablet=\u00bb\u00bb custom_padding_phone=\u00bb0px||0px||false|false\u00bb global_colors_info=\u00bb{}\u00bb][et_pb_column type=\u00bb4_4&#8243; _builder_version=\u00bb4.20.0&#8243; _module_preset=\u00bbdefault\u00bb global_colors_info=\u00bb{}\u00bb][et_pb_text _builder_version=\u00bb4.27.5&#8243; _module_preset=\u00bb22fd11e9-acc7-4b3b-b00c-2060eab81abf\u00bb header_font=\u00bb&#8211;et_global_heading_font|&#8211;et_global_heading_font_weight|||||||\u00bb header_font_size=\u00bb64pt\u00bb header_line_height=\u00bb0.98em\u00bb custom_margin_tablet=\u00bb\u00bb custom_margin_phone=\u00bb0px||||false|false\u00bb custom_margin_last_edited=\u00bbon|phone\u00bb custom_padding_tablet=\u00bb\u00bb custom_padding_phone=\u00bb0px||||false|false\u00bb custom_padding_last_edited=\u00bbon|phone\u00bb header_font_size_tablet=\u00bb37pt\u00bb header_font_size_phone=\u00bb34pt\u00bb header_font_size_last_edited=\u00bbon|phone\u00bb global_colors_info=\u00bb{}\u00bb]<\/p>\n<h1>Aceite de oliva virgen extra ecol\u00f3gico monovarietal Pal&#8217;Olivo.<\/h1>\n<p>[\/et_pb_text][\/et_pb_column][\/et_pb_row][et_pb_row column_structure=\u00bb1_2,1_2&#8243; _builder_version=\u00bb4.27.5&#8243; _module_preset=\u00bbdefault\u00bb custom_margin=\u00bb||45px||false|false\u00bb global_colors_info=\u00bb{}\u00bb][et_pb_column type=\u00bb1_2&#8243; _builder_version=\u00bb4.27.2&#8243; _module_preset=\u00bbdefault\u00bb global_colors_info=\u00bb{}\u00bb][et_pb_image src=\u00bbhttps:\/\/palolivo.com\/wp-content\/uploads\/2026\/02\/PAL-AOVE-VER-500_F-scaled.jpg\u00bb alt=\u00bbVerdeja Pal&#039;Olivo Botella de 500 ml de aceite de oliva ecol\u00f3gico vertido en red. Color verde esmeralda intenso. Una comida de tapas espa\u00f1olas al aire libre con jam\u00f3n ib\u00e9rico, tomates y pan.  \u00bb title_text=\u00bbCata de Aceite de Oliva Verdeja &#8211; Tapas y ambiente soleado\u00bb url=\u00bb@ET-DC@eyJkeW5hbWljIjp0cnVlLCJjb250ZW50IjoicG9zdF9saW5rX3VybF9wYWdlIiwic2V0dGluZ3MiOnsicG9zdF9pZCI6IjI2MDA1In19@\u00bb use_overlay=\u00bbon\u00bb overlay_icon_color=\u00bb#0A0A0A\u00bb hover_overlay_color=\u00bbrgba(216,255,0,0.51)\u00bb force_fullwidth=\u00bbon\u00bb _builder_version=\u00bb4.27.5&#8243; _dynamic_attributes=\u00bburl\u00bb _module_preset=\u00bbdefault\u00bb border_radii=\u00bbon|10px|10px|10px|10px\u00bb box_shadow_style=\u00bbpreset4&#8243; box_shadow_horizontal=\u00bb5px\u00bb box_shadow_vertical=\u00bb5px\u00bb box_shadow_color=\u00bb#0A0A0A\u00bb global_colors_info=\u00bb{}\u00bb][\/et_pb_image][et_pb_button button_url=\u00bb@ET-DC@eyJkeW5hbWljIjp0cnVlLCJjb250ZW50IjoicG9zdF9saW5rX3VybF9wYWdlIiwic2V0dGluZ3MiOnsicG9zdF9pZCI6IjI2MDA1In19@\u00bb button_text=\u00bbDescubre nuestra tienda\u00bb button_alignment=\u00bbcenter\u00bb _builder_version=\u00bb4.27.5&#8243; _dynamic_attributes=\u00bbbutton_url\u00bb _module_preset=\u00bbdefault\u00bb custom_button=\u00bbon\u00bb button_text_size=\u00bb16px\u00bb button_bg_color=\u00bbRGBA(255,255,255,0)\u00bb button_border_width=\u00bb2px\u00bb button_border_color=\u00bb#0A0A0A\u00bb button_border_radius=\u00bb5px\u00bb button_letter_spacing=\u00bb1px\u00bb button_font=\u00bb&#8211;et_global_heading_font||||||||\u00bb button_icon=\u00bb&#x35;||divi||400&#8243; button_icon_color=\u00bb#0A0A0A\u00bb custom_margin=\u00bb||||false|false\u00bb custom_padding=\u00bb10px|35px|10px|35px|true|true\u00bb button_text_color_last_edited=\u00bboff|phone\u00bb box_shadow_style=\u00bbpreset4&#8243; box_shadow_horizontal=\u00bb5px\u00bb box_shadow_vertical=\u00bb5px\u00bb box_shadow_color=\u00bb#0A0A0A\u00bb global_colors_info=\u00bb{}\u00bb button_text_color__hover_enabled=\u00bbon|hover\u00bb button_text_color__hover=\u00bb#D8FF00&#8243; button_bg_color__hover_enabled=\u00bbon|hover\u00bb button_bg_color__hover=\u00bb#0A0A0A\u00bb button_bg_enable_color__hover=\u00bbon\u00bb button_border_color__hover_enabled=\u00bboff|hover\u00bb button_border_color__hover=\u00bbRGBA(255,255,255,0)\u00bb][\/et_pb_button][et_pb_text _builder_version=\u00bb4.27.5&#8243; _dynamic_attributes=\u00bblink_option_url\u00bb _module_preset=\u00bbdefault\u00bb text_font_size=\u00bb17px\u00bb text_line_height=\u00bb1.4em\u00bb header_2_font=\u00bb||||on||||\u00bb header_2_font_size=\u00bb35px\u00bb header_2_line_height=\u00bb1.1em\u00bb custom_padding=\u00bb25px||||false|false\u00bb link_option_url=\u00bb@ET-DC@eyJkeW5hbWljIjp0cnVlLCJjb250ZW50IjoicG9zdF9saW5rX3VybF9wYWdlIiwic2V0dGluZ3MiOnsicG9zdF9pZCI6IjI2MDA1In19@\u00bb text_font_size_tablet=\u00bb17px\u00bb text_font_size_phone=\u00bb15px\u00bb text_font_size_last_edited=\u00bbon|phone\u00bb header_font_size_tablet=\u00bb\u00bb header_font_size_phone=\u00bb\u00bb header_font_size_last_edited=\u00bbon|phone\u00bb global_colors_info=\u00bb{}\u00bb]<\/p>\n<h2 style=\"text-align: center;\">Tu aceite de oliva virgen extra ecol\u00f3gico.<\/h2>\n<p>&nbsp;<\/p>\n<p>Olv\u00eddate de las mezclas industriales. Prueba la diferencia de un aceite de oliva procedente de una finca familiar situada en la regi\u00f3n de La Alcarria Conquense. <\/p>\n<p>Hemos optado por la excelencia frente al volumen:<\/p>\n<ul>\n<li><strong>Cosecha temprana (octubre):<\/strong> Para un sabor intenso y vegetal.<\/li>\n<li><strong>Salud \u00f3ptima:<\/strong> Excepcional contenido en polifenoles (~413,5mg\/kg).<\/li>\n<li><strong>Pureza absoluta:<\/strong> 0,1% de acidez.<\/li>\n<\/ul>\n<p>[\/et_pb_text][\/et_pb_column][et_pb_column type=\u00bb1_2&#8243; _builder_version=\u00bb4.27.2&#8243; _module_preset=\u00bbdefault\u00bb global_colors_info=\u00bb{}\u00bb][et_pb_image src=\u00bbhttps:\/\/palolivo.com\/wp-content\/uploads\/2026\/02\/arbre-centenaire-palolivo.webp\u00bb alt=\u00bbViejo tronco nudoso y escultural de un olivo centenario (milenario) sobre suelo \u00e1rido en Espa\u00f1a. \u00c1rbol disponible para el apadrinamiento Pal&#039;Olivo en la parcela de Valsimanco en Buend\u00eda. \u00bb title_text=\u00bbOlivier Centenaire &#8211; Resistencia e Historia\u00bb url=\u00bb@ET-DC@eyJkeW5hbWljIjp0cnVlLCJjb250ZW50IjoicG9zdF9saW5rX3VybF9wcm9kdWN0Iiwic2V0dGluZ3MiOnsicG9zdF9pZCI6IjQxMSJ9fQ==@\u00bb use_overlay=\u00bbon\u00bb overlay_icon_color=\u00bb#0A0A0A\u00bb hover_overlay_color=\u00bbrgba(216,255,0,0.51)\u00bb force_fullwidth=\u00bbon\u00bb _builder_version=\u00bb4.27.5&#8243; _dynamic_attributes=\u00bburl\u00bb _module_preset=\u00bbdefault\u00bb border_radii=\u00bbon|10px|10px|10px|10px\u00bb box_shadow_style=\u00bbpreset4&#8243; box_shadow_horizontal=\u00bb5px\u00bb box_shadow_vertical=\u00bb5px\u00bb box_shadow_color=\u00bb#0A0A0A\u00bb global_colors_info=\u00bb{}\u00bb][\/et_pb_image][et_pb_button button_url=\u00bb@ET-DC@eyJkeW5hbWljIjp0cnVlLCJjb250ZW50IjoicG9zdF9saW5rX3VybF9wcm9kdWN0Iiwic2V0dGluZ3MiOnsicG9zdF9pZCI6IjQxMSJ9fQ==@\u00bb button_text=\u00bbApadrina un \u00e1rbol\u00bb button_alignment=\u00bbcenter\u00bb _builder_version=\u00bb4.27.5&#8243; _dynamic_attributes=\u00bbbutton_url\u00bb _module_preset=\u00bbdefault\u00bb custom_button=\u00bbon\u00bb button_text_size=\u00bb16px\u00bb button_bg_color=\u00bbRGBA(255,255,255,0)\u00bb button_border_width=\u00bb2px\u00bb button_border_color=\u00bb#0A0A0A\u00bb button_border_radius=\u00bb5px\u00bb button_letter_spacing=\u00bb1px\u00bb button_font=\u00bb&#8211;et_global_heading_font||||||||\u00bb button_icon=\u00bb&#x35;||divi||400&#8243; button_icon_color=\u00bb#0A0A0A\u00bb custom_margin=\u00bb||||false|false\u00bb custom_padding=\u00bb10px|35px|10px|35px|true|true\u00bb box_shadow_style=\u00bbpreset4&#8243; box_shadow_horizontal=\u00bb5px\u00bb box_shadow_vertical=\u00bb5px\u00bb box_shadow_color=\u00bb#0A0A0A\u00bb global_colors_info=\u00bb{}\u00bb button_bg_color__hover=\u00bb#0A0A0A\u00bb button_bg_color__hover_enabled=\u00bbon|hover\u00bb button_text_color__hover=\u00bb#D8FF00&#8243; button_text_color__hover_enabled=\u00bbon|hover\u00bb][\/et_pb_button][et_pb_text _builder_version=\u00bb4.27.5&#8243; _dynamic_attributes=\u00bblink_option_url\u00bb _module_preset=\u00bbdefault\u00bb text_font_size=\u00bb17px\u00bb text_line_height=\u00bb1.4em\u00bb header_font=\u00bb||||||||\u00bb header_2_font=\u00bb||||on||||\u00bb header_2_font_size=\u00bb35px\u00bb header_2_line_height=\u00bb1.1em\u00bb custom_padding=\u00bb25px||||false|false\u00bb link_option_url=\u00bb@ET-DC@eyJkeW5hbWljIjp0cnVlLCJjb250ZW50IjoicG9zdF9saW5rX3VybF9wcm9kdWN0Iiwic2V0dGluZ3MiOnsicG9zdF9pZCI6IjQxMSJ9fQ==@\u00bb text_font_size_tablet=\u00bb17px\u00bb text_font_size_phone=\u00bb15px\u00bb text_font_size_last_edited=\u00bbon|phone\u00bb global_colors_info=\u00bb{}\u00bb]<\/p>\n<h2 style=\"text-align: center;\">Apadrina un olivo Pal&#8217;Olivo de la Alcarria.<\/h2>\n<p>&nbsp;<\/p>\n<p>Convirti\u00e9ndote en padrino o madrina de un olivo en nuestra soleada regi\u00f3n de la Alcarria, participar\u00e1s en una aventura \u00fanica. Con tu apadrinamiento, recibir\u00e1s un certificado personalizado, 3 litros de nuestro aceite de oliva virgen extra ecol\u00f3gico y entrar\u00e1s a formar parte de nuestra exclusiva comunidad de padrinos Pal&#8217;Olivo. Tendr\u00e1s acceso a primicias de nuestras cosechas, eventos especiales y descuentos \u00fanicos durante todo el a\u00f1o. Cultiva tu olivo con nosotros bajo el sol de Espa\u00f1a y disfruta de este v\u00ednculo especial con nuestra tierra.   <\/p>\n<p>[\/et_pb_text][\/et_pb_column][\/et_pb_row][et_pb_row column_structure=\u00bb1_4,1_4,1_4,1_4&#8243; _builder_version=\u00bb4.27.4&#8243; _module_preset=\u00bbdefault\u00bb background_color=\u00bb#D8FF00&#8243; width=\u00bb100%\u00bb max_width=\u00bb100%\u00bb custom_margin=\u00bb||||false|false\u00bb custom_padding=\u00bb40px|15%|40px|15%|false|false\u00bb border_width_top=\u00bb2px\u00bb border_style_top=\u00bbdashed\u00bb border_width_bottom=\u00bb2px\u00bb border_style_bottom=\u00bbdashed\u00bb global_colors_info=\u00bb{}\u00bb][et_pb_column type=\u00bb1_4&#8243; _builder_version=\u00bb4.27.4&#8243; _module_preset=\u00bbdefault\u00bb global_colors_info=\u00bb{}\u00bb][et_pb_text _builder_version=\u00bb4.27.4&#8243; _module_preset=\u00bbdefault\u00bb text_font=\u00bb|700|||||||\u00bb text_font_size=\u00bb28px\u00bb text_line_height=\u00bb1em\u00bb text_orientation=\u00bbcenter\u00bb global_colors_info=\u00bb{}\u00bb]<\/p>\n<p>Origen \u00fanico<br \/>y Monovarietal<\/p>\n<p>[\/et_pb_text][et_pb_text _builder_version=\u00bb4.27.4&#8243; _module_preset=\u00bbdefault\u00bb text_font=\u00bb|700|||||||\u00bb text_line_height=\u00bb1em\u00bb global_colors_info=\u00bb{}\u00bb]<\/p>\n<p style=\"text-align: center;\">Variedad Verdeja.<br \/>De Buendia,<br \/>Castilla-La Mancha<\/p>\n<p>[\/et_pb_text][\/et_pb_column][et_pb_column type=\u00bb1_4&#8243; _builder_version=\u00bb4.27.4&#8243; _module_preset=\u00bbdefault\u00bb global_colors_info=\u00bb{}\u00bb][et_pb_text _builder_version=\u00bb4.27.4&#8243; _module_preset=\u00bbdefault\u00bb text_font=\u00bb|700|||||||\u00bb text_font_size=\u00bb28px\u00bb text_line_height=\u00bb1em\u00bb text_orientation=\u00bbcenter\u00bb global_colors_info=\u00bb{}\u00bb]<\/p>\n<p>Cosecha temprana<\/p>\n<p>[\/et_pb_text][et_pb_text _builder_version=\u00bb4.27.4&#8243; _module_preset=\u00bbdefault\u00bb text_font=\u00bb|700|||||||\u00bb text_line_height=\u00bb1em\u00bb global_colors_info=\u00bb{}\u00bb]<\/p>\n<p style=\"text-align: center;\">\u00daltima semana de octubre<\/p>\n<p>[\/et_pb_text][\/et_pb_column][et_pb_column type=\u00bb1_4&#8243; _builder_version=\u00bb4.27.4&#8243; _module_preset=\u00bbdefault\u00bb global_colors_info=\u00bb{}\u00bb][et_pb_text _builder_version=\u00bb4.27.4&#8243; _module_preset=\u00bbdefault\u00bb text_font=\u00bb|700|||||||\u00bb text_font_size=\u00bb28px\u00bb text_line_height=\u00bb1em\u00bb text_orientation=\u00bbcenter\u00bb global_colors_info=\u00bb{}\u00bb]<\/p>\n<p>Acidez <br \/>0,1%<\/p>\n<p>[\/et_pb_text][et_pb_text _builder_version=\u00bb4.27.4&#8243; _module_preset=\u00bbdefault\u00bb text_font=\u00bb|700|||||||\u00bb text_line_height=\u00bb1em\u00bb global_colors_info=\u00bb{}\u00bb]<\/p>\n<p style=\"text-align: center;\">Cada a\u00f1o en laboratorio<\/p>\n<p>[\/et_pb_text][\/et_pb_column][et_pb_column type=\u00bb1_4&#8243; _builder_version=\u00bb4.27.4&#8243; _module_preset=\u00bbdefault\u00bb global_colors_info=\u00bb{}\u00bb][et_pb_text _builder_version=\u00bb4.27.4&#8243; _module_preset=\u00bbdefault\u00bb text_font=\u00bb|700|||||||\u00bb text_font_size=\u00bb28px\u00bb text_line_height=\u00bb1em\u00bb text_orientation=\u00bbcenter\u00bb global_colors_info=\u00bb{}\u00bb]<\/p>\n<p>Alto contenido en polifenoles<\/p>\n<p>[\/et_pb_text][et_pb_text _builder_version=\u00bb4.27.4&#8243; _module_preset=\u00bbdefault\u00bb text_font=\u00bb|700|||||||\u00bb text_line_height=\u00bb1em\u00bb global_colors_info=\u00bb{}\u00bb]<\/p>\n<p style=\"text-align: center;\">Antioxidantes naturales<br \/>Para unas defensas inmunitarias acorazadas.<\/p>\n<p>[\/et_pb_text][\/et_pb_column][\/et_pb_row][et_pb_row _builder_version=\u00bb4.27.3&#8243; _module_preset=\u00bbdefault\u00bb global_colors_info=\u00bb{}\u00bb][et_pb_column type=\u00bb4_4&#8243; _builder_version=\u00bb4.27.3&#8243; _module_preset=\u00bbdefault\u00bb global_colors_info=\u00bb{}\u00bb][et_pb_shop type=\u00bbproduct_category\u00bb posts_number=\u00bb3&#8243; include_categories=\u00bb21,22&#8243; columns_number=\u00bb3&#8243; hover_overlay_color=\u00bbrgba(10,10,10,0.5)\u00bb _builder_version=\u00bb4.27.5&#8243; _module_preset=\u00bbdefault\u00bb title_font=\u00bb||||||||\u00bb title_text_align=\u00bbcenter\u00bb title_font_size=\u00bb23px\u00bb title_line_height=\u00bb1.2em\u00bb price_font=\u00bb|700||||||RGBA(255,255,255,0)|solid\u00bb price_text_align=\u00bbcenter\u00bb price_text_color=\u00bb#0A0A0A\u00bb price_font_size=\u00bb20px\u00bb rating_text_align=\u00bbcenter\u00bb rating_text_color=\u00bb#0A0A0A\u00bb rating_font_size=\u00bb19px\u00bb text_orientation=\u00bbcenter\u00bb custom_padding=\u00bb50px||||false|false\u00bb rating_text_align_last_edited=\u00bboff|desktop\u00bb border_radii_image=\u00bbon|20px|20px|20px|20px\u00bb border_width_all_image=\u00bb2px\u00bb border_color_all_image=\u00bb#0A0A0A\u00bb box_shadow_style_image=\u00bbpreset4&#8243; box_shadow_color_image=\u00bb#0A0A0A\u00bb global_colors_info=\u00bb{}\u00bb][\/et_pb_shop][\/et_pb_column][\/et_pb_row][\/et_pb_section][et_pb_section fb_built=\u00bb1&#8243; _builder_version=\u00bb4.27.3&#8243; _module_preset=\u00bbdefault\u00bb background_color=\u00bb#EAEBE6&#8243; use_background_color_gradient=\u00bbon\u00bb background_color_gradient_stops=\u00bb#eaebe6 50%|#0a0a0a 50%\u00bb global_colors_info=\u00bb{}\u00bb][et_pb_row _builder_version=\u00bb4.27.4&#8243; _dynamic_attributes=\u00bblink_option_url\u00bb _module_preset=\u00bbdefault\u00bb background_image=\u00bbhttps:\/\/palolivo.com\/wp-content\/uploads\/2024\/11\/P3760045.jpg\u00bb parallax=\u00bbon\u00bb module_alignment=\u00bbcenter\u00bb link_option_url=\u00bb@ET-DC@eyJkeW5hbWljIjp0cnVlLCJjb250ZW50IjoicG9zdF9saW5rX3VybF9wYWdlIiwic2V0dGluZ3MiOnsicG9zdF9pZCI6IjI3NTk5In19@\u00bb border_radii=\u00bbon|20px|20px|20px|20px\u00bb global_colors_info=\u00bb{}\u00bb][et_pb_column type=\u00bb4_4&#8243; _builder_version=\u00bb4.27.3&#8243; _module_preset=\u00bbdefault\u00bb global_colors_info=\u00bb{}\u00bb][et_pb_button button_url=\u00bb@ET-DC@eyJkeW5hbWljIjp0cnVlLCJjb250ZW50IjoicG9zdF9saW5rX3VybF9wYWdlIiwic2V0dGluZ3MiOnsicG9zdF9pZCI6IjI3NTk5In19@\u00bb button_text=\u00bbDescubre nuestra historia\u00bb button_alignment=\u00bbcenter\u00bb _builder_version=\u00bb4.27.5&#8243; _dynamic_attributes=\u00bbbutton_url\u00bb _module_preset=\u00bbdefault\u00bb custom_button=\u00bbon\u00bb button_border_color=\u00bb#0A0A0A\u00bb custom_margin=\u00bb120px||120px||false|false\u00bb custom_padding=\u00bb15px|50px|15px|50px|true|true\u00bb box_shadow_style=\u00bbpreset4&#8243; box_shadow_horizontal=\u00bb5px\u00bb box_shadow_vertical=\u00bb5px\u00bb box_shadow_color=\u00bb#D8FF00&#8243; global_colors_info=\u00bb{}\u00bb button_bg_color__hover_enabled=\u00bbon|hover\u00bb button_bg_color__hover=\u00bb#D8FF00&#8243; button_bg_enable_color__hover=\u00bbon\u00bb][\/et_pb_button][\/et_pb_column][\/et_pb_row][\/et_pb_section]<\/p>\n","protected":false},"excerpt":{"rendered":"<p>Pal&#8217;Olivo, excepcional aceite de oliva virgen extra ecol\u00f3gico. Directo de nuestra finca en Espa\u00f1a. Verdeja, cosecha temprana, 0,1% de acidez. Pedir Verdeja.   <\/p>\n","protected":false},"author":1,"featured_media":58318,"parent":0,"menu_order":0,"comment_status":"closed","ping_status":"closed","template":"","meta":{"_et_pb_use_builder":"on","_et_pb_old_content":"","_et_gb_content_width":"","footnotes":""},"class_list":["post-35049","page","type-page","status-publish","has-post-thumbnail","hentry"],"_links":{"self":[{"href":"https:\/\/palolivo.com\/es\/wp-json\/wp\/v2\/pages\/35049","targetHints":{"allow":["GET"]}}],"collection":[{"href":"https:\/\/palolivo.com\/es\/wp-json\/wp\/v2\/pages"}],"about":[{"href":"https:\/\/palolivo.com\/es\/wp-json\/wp\/v2\/types\/page"}],"author":[{"embeddable":true,"href":"https:\/\/palolivo.com\/es\/wp-json\/wp\/v2\/users\/1"}],"replies":[{"embeddable":true,"href":"https:\/\/palolivo.com\/es\/wp-json\/wp\/v2\/comments?post=35049"}],"version-history":[{"count":36,"href":"https:\/\/palolivo.com\/es\/wp-json\/wp\/v2\/pages\/35049\/revisions"}],"predecessor-version":[{"id":58346,"href":"https:\/\/palolivo.com\/es\/wp-json\/wp\/v2\/pages\/35049\/revisions\/58346"}],"wp:featuredmedia":[{"embeddable":true,"href":"https:\/\/palolivo.com\/es\/wp-json\/wp\/v2\/media\/58318"}],"wp:attachment":[{"href":"https:\/\/palolivo.com\/es\/wp-json\/wp\/v2\/media?parent=35049"}],"curies":[{"name":"wp","href":"https:\/\/api.w.org\/{rel}","templated":true}]}}