{"id":58095,"date":"2020-10-07T10:07:12","date_gmt":"2020-10-07T08:07:12","guid":{"rendered":"https:\/\/palolivo.com\/condiciones-generales-de-venta\/"},"modified":"2026-01-31T08:06:24","modified_gmt":"2026-01-31T07:06:24","slug":"condiciones-generales-de-venta","status":"publish","type":"page","link":"https:\/\/palolivo.com\/es\/condiciones-generales-de-venta\/","title":{"rendered":"Condiciones generales de venta"},"content":{"rendered":"<p>[et_pb_section fb_built=\u00bb1&#8243; _builder_version=\u00bb4.27.2&#8243; _module_preset=\u00bbdefault\u00bb background_color=\u00bb#EAEBE6&#8243; global_colors_info=\u00bb{}\u00bb][et_pb_row column_structure=\u00bb2_3,1_3&#8243; _builder_version=\u00bb4.25.1&#8243; _module_preset=\u00bbdefault\u00bb global_colors_info=\u00bb{}\u00bb][et_pb_column type=\u00bb2_3&#8243; _builder_version=\u00bb4.16&#8243; _module_preset=\u00bbdefault\u00bb global_colors_info=\u00bb{}\u00bb][et_pb_text _builder_version=\u00bb4.27.3&#8243; _module_preset=\u00bbdefault\u00bb text_text_color=\u00bb#1d1d1f\u00bb text_line_height=\u00bb1.4em\u00bb header_font=\u00bb|700|||||||\u00bb header_font_size=\u00bb40px\u00bb header_line_height=\u00bb1.2em\u00bb header_3_font=\u00bb|700|||||||\u00bb hover_enabled=\u00bb0&#8243; global_colors_info=\u00bb{}\u00bb sticky_enabled=\u00bb0&#8243;]<\/p>\n<h1><b>Condiciones generales y pol\u00edtica de devoluciones<\/b><\/h1>\n<p>La empresa <b>Pal&#8217;Alcarria SL<\/b> (en adelante <b>EL VENDEDOR<\/b>) est\u00e1 inscrita en el Registro Mercantil espa\u00f1ol con el N.I.F B01883537. Su direcci\u00f3n postal es Carretera Saced\u00f3n, KM 42, 16512 Buend\u00eda, Cuenca, Espa\u00f1a, y su direcci\u00f3n de correo electr\u00f3nico es info@palolivo.com (en adelante <b>LA DIRECCI\u00d3N DEL VENDEDOR<\/b>). En Suiza, la empresa est\u00e1 registrada con el nombre completo <b>Pal&#8217;Alcarria SL &#8211; Succursale Suisse<\/b> en el Registro Mercantil con la direcci\u00f3n: Route de la Rivaz 21, 1844 Villeneuve, Vaud, Suiza.  <\/p>\n<p>Todo pedido realizado en el sitio web <b>www.palolivo.com<\/b> (en adelante, <b>EL SITIO VENDEDOR<\/b>) implica la aceptaci\u00f3n plena y completa de las presentes condiciones generales de venta, formalizada mediante un clic de validaci\u00f3n que equivale a una <b>firma digital<\/b>.<\/p>\n<h2><b>Objeto<\/b><\/h2>\n<p>Estas condiciones definen los derechos y obligaciones de las partes en relaci\u00f3n con la venta en l\u00ednea de bienes ofrecidos por <b>Pal&#8217;Alcarria SL.<\/b><\/p>\n<h2><b>Confirmaci\u00f3n de pedido<\/b><\/h2>\n<p>La informaci\u00f3n contractual se confirmar\u00e1 por correo electr\u00f3nico a la direcci\u00f3n indicada por el consumidor en el momento de realizar el pedido.<\/p>\n<h2><b>Prueba de la transacci\u00f3n<\/b><\/h2>\n<p>Los registros inform\u00e1ticos conservados en los sistemas inform\u00e1ticos de <b>Pal&#8217;Alcarria SL<\/b> se consideran prueba de las comunicaciones, pedidos y pagos. Las hojas de pedido y las facturas se archivan en un soporte fiable y duradero que puede presentarse en caso de litigio. <\/p>\n<h2><b>Informaci\u00f3n sobre el producto<\/b><\/h2>\n<p>Se hace todo lo posible para garantizar la exactitud de la informaci\u00f3n en <b>www.palolivo.com.<\/b> Los nombres de productos y fabricantes se utilizan \u00fanicamente a efectos de identificaci\u00f3n. Las fotos y descripciones no son contractuales.  <\/p>\n<h2><b>Per\u00edodo de validez de la oferta<\/b><\/h2>\n<p>Nuestros precios son v\u00e1lidos el d\u00eda en que se realiza el pedido.<\/p>\n<h2><b>Condiciones de entrega<\/b><\/h2>\n<p>Los productos se entregan en la direcci\u00f3n indicada por el consumidor, en las zonas geogr\u00e1ficas atendidas por <b>EL VENDEDOR<\/b>. Todos los productos salen de nuestras instalaciones en perfecto estado. En caso de da\u00f1os visibles (agujeros, aplastamiento), el cliente debe informar al transportista y rechazar el paquete si es necesario. <b>Pal&#8217;Alcarria SL<\/b> debe ser informado inmediatamente para una sustituci\u00f3n gratuita.  <\/p>\n<p>En caso de retraso o p\u00e9rdida del paquete, nos pondremos en contacto con el transportista y haremos todo lo posible para recuperarlo. <b>EL VENDEDOR<\/b> declina toda responsabilidad en caso de retraso en la entrega debido al transportista, las condiciones meteorol\u00f3gicas o las huelgas.<\/p>\n<h2><b>Problema de entrega por el transportista<\/b><\/h2>\n<p>Cualquier anomal\u00eda relativa a la entrega (desperfectos, falta de producto, paquete da\u00f1ado, etc.) deber\u00e1 indicarse en el albar\u00e1n de entrega y confirmarse al transportista por carta certificada en los dos d\u00edas laborables siguientes a la recepci\u00f3n. Deber\u00e1 enviarse una copia de esta reclamaci\u00f3n a <b>la DIRECCI\u00d3N DEL VENDEDOR<\/b>. <\/p>\n<h2><b>Errores de entrega<\/b><\/h2>\n<p>Toda reclamaci\u00f3n por error o falta de conformidad deber\u00e1 presentarse al <b>VENDEDOR<\/b> el d\u00eda de la entrega o, a m\u00e1s tardar, el primer d\u00eda laborable siguiente. No se aceptar\u00e1 ninguna reclamaci\u00f3n fuera de este plazo. Los productos devueltos deben estar en su embalaje original y en perfecto estado.  <\/p>\n<h2><b>Garant\u00eda del producto<\/b><\/h2>\n<p>Los consumidores se benefician de la garant\u00eda legal contra vicios ocultos. En caso de da\u00f1os causados por un defecto del producto, s\u00f3lo el fabricante puede ser considerado responsable. El periodo de garant\u00eda es de un a\u00f1o. Quedan excluidos los productos modificados o reparados por el cliente o un tercero no autorizado.   <\/p>\n<h2><b>Derecho de retractaci\u00f3n<\/b><\/h2>\n<p>Los consumidores disponen de 14 d\u00edas para devolver los productos a su cargo. Los art\u00edculos deben devolverse completos y en perfecto estado para poder ser reembolsados. En caso de desistimiento, <b>EL VENDEDOR<\/b> reembolsar\u00e1 al consumidor en un plazo de 14 d\u00edas.  <\/p>\n<h2><b>Fuerza mayor<\/b><\/h2>\n<p>Ninguna de las partes ser\u00e1 responsable en caso de retraso o impedimento por causa de fuerza mayor. Las partes se pondr\u00e1n en contacto en un plazo de diez d\u00edas a partir del momento en que tengan conocimiento del suceso para acordar la forma de continuar el contrato. <\/p>\n<h2><b>No validaci\u00f3n parcial<\/b><\/h2>\n<p>Si alguna cl\u00e1usula de estas condiciones se considera inv\u00e1lida, las dem\u00e1s cl\u00e1usulas seguir\u00e1n en vigor.<\/p>\n<h2><b>Sin exenci\u00f3n<\/b><\/h2>\n<p>El hecho de que una de las partes no reclame la aplicaci\u00f3n de una cl\u00e1usula del presente contrato no puede interpretarse como una renuncia a dicha cl\u00e1usula.<\/p>\n<h2><b>Legislaci\u00f3n aplicable<\/b><\/h2>\n<p>Las presentes condiciones se rigen por la legislaci\u00f3n suiza. En caso de litigio, el consumidor se dirigir\u00e1 en primer lugar al <b>VENDEDOR<\/b> para encontrar una soluci\u00f3n amistosa. <\/p>\n<h2><b>Protecci\u00f3n de datos personales<\/b><\/h2>\n<p>Los datos personales se recogen para tramitar los pedidos. De conformidad con la ley, los consumidores tienen derecho a rectificar y suprimir los datos que les conciernan. <\/p>\n<h2><b>Litigios<\/b><\/h2>\n<p>Todo pedido realizado a trav\u00e9s <b>del SITIO DEL VENDEDOR<\/b> implica la aceptaci\u00f3n por parte del cliente de las presentes condiciones generales. En caso de litigio con una persona jur\u00eddica, s\u00f3lo ser\u00e1 competente el Tribunal de Comercio del domicilio social del <b>VENDEDOR<\/b>. <\/p>\n<p>[\/et_pb_text][\/et_pb_column][et_pb_column type=\u00bb1_3&#8243; _builder_version=\u00bb4.16&#8243; _module_preset=\u00bbdefault\u00bb global_colors_info=\u00bb{}\u00bb][et_pb_button button_url=\u00bb@ET-DC@eyJkeW5hbWljIjp0cnVlLCJjb250ZW50IjoicG9zdF9saW5rX3VybF9wYWdlIiwic2V0dGluZ3MiOnsicG9zdF9pZCI6IjI2MDA1In19@\u00bb button_text=\u00bbVolver a la tienda\u00bb _builder_version=\u00bb4.27.2&#8243; _dynamic_attributes=\u00bbbutton_url\u00bb _module_preset=\u00bbdefault\u00bb global_colors_info=\u00bb{}\u00bb][\/et_pb_button][et_pb_shop posts_number=\u00bb4&#8243; hover_overlay_color=\u00bbrgba(10,10,10,0.53)\u00bb _builder_version=\u00bb4.27.2&#8243; _module_preset=\u00bbdefault\u00bb title_font=\u00bb|700|||||||\u00bb title_font_size=\u00bb20px\u00bb title_line_height=\u00bb1.2em\u00bb price_font=\u00bb|700|||||||\u00bb price_font_size=\u00bb17px\u00bb global_colors_info=\u00bb{}\u00bb][\/et_pb_shop][\/et_pb_column][\/et_pb_row][\/et_pb_section]<\/p>\n","protected":false},"excerpt":{"rendered":"<p>Condiciones generales y pol\u00edtica de devoluciones La empresa Pal&#8217;Alcarria SL (en adelante EL VENDEDOR) est\u00e1 inscrita en el Registro Mercantil espa\u00f1ol con el N.I.F B01883537. Su direcci\u00f3n postal es Carretera Saced\u00f3n, KM 42, 16512 Buend\u00eda, Cuenca, Espa\u00f1a, y su direcci\u00f3n de correo electr\u00f3nico es info@palolivo.com (en adelante LA DIRECCI\u00d3N DEL VENDEDOR). En Suiza, la empresa [&hellip;]<\/p>\n","protected":false},"author":1,"featured_media":0,"parent":0,"menu_order":0,"comment_status":"closed","ping_status":"closed","template":"","meta":{"_et_pb_use_builder":"on","_et_pb_old_content":"","_et_gb_content_width":"","footnotes":""},"class_list":["post-58095","page","type-page","status-publish","hentry"],"_links":{"self":[{"href":"https:\/\/palolivo.com\/es\/wp-json\/wp\/v2\/pages\/58095","targetHints":{"allow":["GET"]}}],"collection":[{"href":"https:\/\/palolivo.com\/es\/wp-json\/wp\/v2\/pages"}],"about":[{"href":"https:\/\/palolivo.com\/es\/wp-json\/wp\/v2\/types\/page"}],"author":[{"embeddable":true,"href":"https:\/\/palolivo.com\/es\/wp-json\/wp\/v2\/users\/1"}],"replies":[{"embeddable":true,"href":"https:\/\/palolivo.com\/es\/wp-json\/wp\/v2\/comments?post=58095"}],"version-history":[{"count":0,"href":"https:\/\/palolivo.com\/es\/wp-json\/wp\/v2\/pages\/58095\/revisions"}],"wp:attachment":[{"href":"https:\/\/palolivo.com\/es\/wp-json\/wp\/v2\/media?parent=58095"}],"curies":[{"name":"wp","href":"https:\/\/api.w.org\/{rel}","templated":true}]}}