{"id":35109,"date":"2020-08-17T21:55:47","date_gmt":"2020-08-17T19:55:47","guid":{"rendered":"https:\/\/palolivo.com\/produit\/apadrina-un-olivo-participa-en-el-cultivo-ecologico-de-palolivo\/"},"modified":"2026-03-10T20:05:12","modified_gmt":"2026-03-10T19:05:12","slug":"apadrina-un-olivo-participa-en-el-cultivo-ecologico-de-palolivo","status":"publish","type":"product","link":"https:\/\/palolivo.com\/es\/producto\/apadrina-un-olivo-participa-en-el-cultivo-ecologico-de-palolivo\/","title":{"rendered":"Apadrinar un olivo en Espa\u00f1a: la experiencia Pal&#8217;Olivo (3 litros\/a\u00f1o)"},"content":{"rendered":"<h1>M\u00e1s que una botella: \u00fanete a \u00c1ngel en Valsimanco<\/h1>\n<p>El apadrinamiento es una invitaci\u00f3n a frenar y reconectar con la tierra. Es la garant\u00eda de saber exactamente de d\u00f3nde viene lo que pones en tu plato.<br \/>\nAl adoptar un olivo, est\u00e1s apoyando directamente el trabajo de \u00c1ngel Jes\u00fas Palomino de la Oliva, nuestro primo y guardi\u00e1n de este saber hacer familiar en Buend\u00eda (Espa\u00f1a). <\/p>\n<h2><strong>\ud83d\udccd Tu parcela: Valsimanco<\/strong><\/h2>\n<p>Tu olivo no viene de la nada. Echa ra\u00edces en Valsimanco, una parcela emblem\u00e1tica de nuestra finca, famosa por sus \u00e1rboles resistentes y centenarios, cerca de la carretera de las Caras a Buend\u00eda. Es aqu\u00ed, bajo el sol de Castilla, donde su aceite dibuja su car\u00e1cter \u00fanico.  <\/p>\n<h2><strong>\ud83d\udce6 Qu\u00e9 contiene tu \u00abPack Patrocinador\u00bb:<\/strong><\/h2>\n<h3>1. Tu \u00e1rbol, tu historia<\/h3>\n<p>Recibir\u00e1 un Certificado Oficial de Patrocinio (formato papel) que incluye:<\/p>\n<ul>\n<li>Las coordenadas GPS exactas de su olivo en Valsimanco (\u00a1cons\u00faltelas en Google Maps!).<\/li>\n<li>El nombre que decidas darle.<\/li>\n<li>Un mensaje personalizado (ideal como regalo).<\/li>\n<\/ul>\n<h3>2. Oro l\u00edquido (cosecha)<\/h3>\n<p>Recibir\u00e1s una parte de nuestra cosecha: 3 Litros de Aceite de Oliva Virgen Extra Ecol\u00f3gico (Verdeja).<br \/>\nUn aceite ultrapremium, de cosecha temprana, rico en polifenoles.<br \/>\nEntregado directamente en su puerta.<\/p>\n<h3>3. Privilegio de la familia Pal&#8217;Olivo (Retorno inmediato)<\/h3>\n<p>Ser padrino significa formar parte de la casa. Recibir\u00e1s autom\u00e1ticamente un 10% de descuento en la tienda online mientras dure tu apadrinamiento.<br \/>\n\u00bfTe gusta nuestro aceite? Pida su reposici\u00f3n al mejor precio, reservado a nuestros simpatizantes.  <\/p>\n<h3>4. Enlace directo (WhatsApp)<\/h3>\n<p>\u00danete a nuestro grupo privado. Recibe noticias sobre \u00c1ngel, el tiempo en Buend\u00eda, la floraci\u00f3n de nuestros \u00e1rboles y novedades exclusivas. <\/p>\n","protected":false},"excerpt":{"rendered":"<p><strong>Ancla tus ra\u00edces en Buend\u00eda con Pal&#8217;Olivo.<\/strong><br \/>\nConvi\u00e9rtete en el guardi\u00e1n de un trozo de nuestro terru\u00f1o espa\u00f1ol. Apadrinando un olivo centenario en la hist\u00f3rica parcela de Valsimanco, en Espa\u00f1a, entras a formar parte de nuestra familia. <\/p>\n<p>Su \u00e1rbol es cultivado con pasi\u00f3n por nuestro primo y productor, \u00c1ngel Jes\u00fas Palomino de la Oliva.<\/p>\n<p><strong>Su paquete de patrocinio incluye :<\/strong><\/p>\n<ul>\n<li>\ud83c\udf33 La Adopci\u00f3n: Certificado de Apadrinamiento con Nombre del \u00c1rbol, Coordenadas GPS del Campo y Posici\u00f3n del \u00c1rbol en el Mapa.<\/li>\n<li>\ud83e\uded2 La Cosecha: 3 Litros de nuestro aceite de oliva virgen extra ecol\u00f3gico (Verdeja) entregados a domicilio.<\/li>\n<li>\ud83d\udc68\u200d\ud83d\udc69\u200d\ud83d\udc67\u200d\ud83d\udc66 La Familia: 10% de descuento de por vida en la tienda y acceso al grupo privado de WhatsApp.<\/li>\n<li>\ud83c\udf81 El regalo \u00e9tico que te conecta directamente con nuestro terru\u00f1o espa\u00f1ol.<\/li>\n<\/ul>\n","protected":false},"featured_media":58351,"comment_status":"open","ping_status":"closed","template":"","meta":{"_et_pb_use_builder":"off","_et_pb_old_content":"<span style=\"font-weight: 400\">Participa activamente en la vida de nuestro olivar apadrinando un olivo ecol\u00f3gico centenario durante un a\u00f1o. Recibiras un certificado de apadrinamiento con el nombre y las coordenadas GPS de tu arbol, y por supuesto, el resultado de nuestra cosecha, nuestro aceite de oliva virgen extra ecol\u00f3gico Pal'Olivo. (3 litros al a\u00f1o)  <\/span>\n\n<strong>Incluido en el pedido:<\/strong>\n<ul>\n \t<li style=\"font-weight: 400\"><span style=\"font-weight: 400\">Certificado de apadrinamiento con los datos del olivo que elijas, un enlace de google maps para localizarlo, el nombre que quieras darle al \u00e1rbol y un mensaje personalizado (para ofrecer apadrinamiento, por ejemplo).<\/span><\/li>\n \t<li style=\"font-weight: 400\"><span style=\"font-weight: 400\">3 litros de aceite de oliva virgen extra ecol\u00f3gico Pal'Olivo Verdeja<\/span><\/li>\n \t<li style=\"font-weight: 400\"><span style=\"font-weight: 400\">10% de descuento en pedidos adicionales durante el a\u00f1o de patrocinio.<\/span><\/li>\n \t<li style=\"font-weight: 400\"><span style=\"font-weight: 400\">Nuestra eterna gratitud.<\/span><\/li>\n<\/ul>","_et_gb_content_width":""},"product_brand":[238],"product_cat":[230],"product_tag":[],"class_list":{"0":"post-35109","1":"product","2":"type-product","3":"status-publish","4":"has-post-thumbnail","6":"product_brand-palolivo","7":"product_cat-patrocinio","9":"first","10":"instock","11":"shipping-taxable","12":"purchasable","13":"product-type-simple"},"_links":{"self":[{"href":"https:\/\/palolivo.com\/es\/wp-json\/wp\/v2\/product\/35109","targetHints":{"allow":["GET"]}}],"collection":[{"href":"https:\/\/palolivo.com\/es\/wp-json\/wp\/v2\/product"}],"about":[{"href":"https:\/\/palolivo.com\/es\/wp-json\/wp\/v2\/types\/product"}],"replies":[{"embeddable":true,"href":"https:\/\/palolivo.com\/es\/wp-json\/wp\/v2\/comments?post=35109"}],"wp:featuredmedia":[{"embeddable":true,"href":"https:\/\/palolivo.com\/es\/wp-json\/wp\/v2\/media\/58351"}],"wp:attachment":[{"href":"https:\/\/palolivo.com\/es\/wp-json\/wp\/v2\/media?parent=35109"}],"wp:term":[{"taxonomy":"product_brand","embeddable":true,"href":"https:\/\/palolivo.com\/es\/wp-json\/wp\/v2\/product_brand?post=35109"},{"taxonomy":"product_cat","embeddable":true,"href":"https:\/\/palolivo.com\/es\/wp-json\/wp\/v2\/product_cat?post=35109"},{"taxonomy":"product_tag","embeddable":true,"href":"https:\/\/palolivo.com\/es\/wp-json\/wp\/v2\/product_tag?post=35109"}],"curies":[{"name":"wp","href":"https:\/\/api.w.org\/{rel}","templated":true}]}}